{"id":3713,"date":"2025-05-29T18:52:20","date_gmt":"2025-05-29T18:52:20","guid":{"rendered":"https:\/\/casaskaren2.johnweb.nl\/rechtlicher-hinweis\/"},"modified":"2025-07-21T15:11:07","modified_gmt":"2025-07-21T15:11:07","slug":"rechtlicher-hinweis","status":"publish","type":"page","link":"https:\/\/casaskaren.com\/de\/rechtlicher-hinweis\/","title":{"rendered":"Rechtlicher Hinweis"},"content":{"rendered":"\t\t<div data-elementor-type=\"wp-page\" data-elementor-id=\"3713\" class=\"elementor elementor-3713 elementor-14\" data-elementor-post-type=\"page\">\n\t\t\t\t<div class=\"elementor-element elementor-element-942bcc9 e-flex e-con-boxed e-con e-parent\" data-id=\"942bcc9\" data-element_type=\"container\" data-e-type=\"container\">\n\t\t\t\t\t<div class=\"e-con-inner\">\n\t\t\t\t<div class=\"elementor-element elementor-element-cb21c75 elementor-widget elementor-widget-heading\" data-id=\"cb21c75\" data-element_type=\"widget\" data-e-type=\"widget\" data-widget_type=\"heading.default\">\n\t\t\t\t<div class=\"elementor-widget-container\">\n\t\t\t\t\t<h2 class=\"elementor-heading-title elementor-size-default\">RECHTLICHER HINWEIS<\/h2>\t\t\t\t<\/div>\n\t\t\t\t<\/div>\n\t\t\t\t<div class=\"elementor-element elementor-element-c76d487 elementor-widget elementor-widget-text-editor\" data-id=\"c76d487\" data-element_type=\"widget\" data-e-type=\"widget\" data-widget_type=\"text-editor.default\">\n\t\t\t\t<div class=\"elementor-widget-container\">\n\t\t\t\t\t\t\t\t\t<h1>Aviso Legal &#8211; LSSI &#8211; RGPD<\/h1><h2>Allgemeine Bedingungen f\u00fcr die Nutzung dieser Webseite:<\/h2><p>Der vorliegende rechtliche Hinweis enth\u00e4lt die allgemeinen Bedingungen f\u00fcr den Zugang und die Nutzung dieser Website, im Folgenden &#8222;die Website&#8220; genannt.<\/p><p>Die Nutzung der Website impliziert die ausdr\u00fcckliche und uneingeschr\u00e4nkte Annahme dieser allgemeinen Bedingungen in der Version, die zu dem Zeitpunkt ver\u00f6ffentlicht wird, zu dem der Benutzer auf die Website zugreift, ohne dass die besonderen Bedingungen, die f\u00fcr einige der konkreten Dienste der Website gelten k\u00f6nnten, beeintr\u00e4chtigt werden.<\/p><h3>Ley de Servicios de la Sociedad de la Informaci\u00f3n y del Comercio Electr\u00f3nico (LSSI)<\/h3><p>El propietario de esta P\u00e1gina Web, pone a disposici\u00f3n de los visitantes de la mencionada, una serie de datos que seg\u00fan la Ley 34\/2002 del 11 de julio. &#8211; LSSICE de &#8222;Servicios de la Sociedad y la Informaci\u00f3n de Comercio Electr\u00f3nico&#8220;, son de obligada disposici\u00f3n tanto a los destinatarios del servicio como a los \u00f3rganos competentes: <\/p><dl><dt>Nombre Fiscal<\/dt><dd>KAREN ABRAHAMS<\/dd><dt>CIF, NIF o NIE<\/dt><dd>55411936Z<\/dd><dt>Domicilio<\/dt><dd>CAMINO DEL MONTE 6<\/dd><dt>C\u00f3digo Postal<\/dt><dd>11159<\/dd><dt>Poblaci\u00f3n<\/dt><dd>LOS CA\u00d1OS DE MECA<\/dd><dt>Tel\u00e9fono<\/dt><dd>956 437 067<\/dd><dt>Elektronische Korrespondenz<\/dt><dd><a href=\"mailto:info@casaskaren.com\">info@casaskaren.com<\/a><\/dd><\/dl><h3>Propiedad intelectual e industrial sobre los contenidos de la p\u00e1gina.<\/h3><p>Alle Elemente, die die Website bilden, sowie die Struktur, das Design und der Quellcode der Website sind Eigentum des zitierten Autors und sind durch die Norm f\u00fcr geistiges und gewerbliches Eigentum gesch\u00fctzt. Las fotograf\u00eda alojadas en esta web corresponden en su total propiedad a los autores citados junto a ellas. <\/p><p>No se podr\u00e1n realizar actos de reproducci\u00f3n, modificaci\u00f3n, distribuci\u00f3n o comunicaci\u00f3n p\u00fablica del sitio web o alguno de sus elementos sin el previo consentimiento de esta web.<\/p><p>Los usuarios del sitio web \u00fanicamente podr\u00e1n realizar un uso privado y personal de los contenidos de \u00e9ste.<\/p><p>Est\u00e1 absolutamente prohibido, el uso del sitio web o de alguno de sus elementos con fines comerciales o il\u00edcitos.<\/p><p>Esta web \u00fcbernimmt keine Verantwortung f\u00fcr die Nutzung des Inhalts der Website durch Dritte und kann alle zivil- und strafrechtlichen Ma\u00dfnahmen ergreifen, die im Falle einer Verletzung dieser Rechte durch den Benutzer erforderlich sind.<\/p><h3>RGPD y normativa espa\u00f1ola concordante.<\/h3><p>Pers\u00f6nliche Daten, die wir Ihnen zur Verf\u00fcgung stellen, werden von KAREN ABRAHAMS, dem Verantwortlichen f\u00fcr die Datenverarbeitung, bearbeitet. La finalidad de la recogida y tratamiento de los datos es prestarle el servicio que nos encomienda, y responder a la mayor brevedad posible a sus preguntas, para lo que estamos legitimados en base a su consentimiento. No realizaremos an\u00e1lisis de perfiles ni cederemos la informaci\u00f3n salvo por obligaci\u00f3n legal.  <\/p><p>Los datos que nos facilita quedar\u00e1n ubicados en nuestros archivos y\/o servidores. Podr\u00e1 accesseder, rectificar, limitar y suprimirlos poni\u00e9ndose contactando <a href=\"mailto:info@casaskaren.com\">info@casaskaren.com.<\/a> Tambi\u00e9n tiene derecho a presentar una reclamaci\u00f3n ante la Agencia Espa\u00f1ola de Protecci\u00f3n de datos en: <a href=\"http:\/\/www.agpd.es\/\" target=\"_blank\" rel=\"noopener\">www.agpd.es.<\/a>  <\/p><h4>Informaci\u00f3n adicional &#8211; Reglamento General de Protecci\u00f3n de Datos 2016\/679<\/h4><h5>Verantwortlich<\/h5><ul class=\"datos_contacto\"><li>Identit\u00e4t: KAREN ABRAHAMS<\/li><li>Elektronischer Brief: <a href=\"mailto:info@casaskaren.com\">info@casaskaren.com<\/a><\/li><\/ul><h5>Finalidad<\/h5><p>Actividad principal: Alquiler Apartamentos Tur\u00edsticos<br>La informaci\u00f3n aportada al formulario, se entiende comunicada de modo veraz por parte del usuario de la web y solo ser\u00e1 recabada la adecuada, sachdienlich und nicht \u00fcberm\u00e4\u00dfig, um ihn als Kunden zu betreuen und die vereinbarten Dienstleistungen korrekt zu erbringen, aber auch, wenn er ausdr\u00fccklich zustimmt, um die Abonnentenliste zu verwalten, die Nachrichten zu verfolgen, Newsletter zu versenden, Werbung zu machen und besondere Angebote zu machen. Au\u00dferdem zur Moderation und Beantwortung von Kommentaren der Web-Benutzer.<br>No ser\u00e1 utilizada para cumplir finalidades incompatibles con aquellas para las que nos la ha proporcionado. Wenn die Daten f\u00fcr einen nicht kompatiblen Zweck verwendet werden sollen, werden wir Sie dar\u00fcber informieren und Ihr Einverst\u00e4ndnis dazu einholen.  <br>No utilizaremos sus datos personales con la finalidad de tomar decisions, basadas exclusivamente en el tratamiento automatizado sus datos, que puede producir alg\u00fan efecto jur\u00eddico, salvo que sea necesaria para celebrar un contrato, lo consienta expl\u00edcitamente o lo autorice la Ley.<br>Wir garantieren, dass wir die gesetzlich festgelegten Nutzungsbedingungen einhalten und entwickeln Tools und Algorithmen, die dem Internet die Vertraulichkeit der erfassten Daten garantieren.<br>Personenbezogene Daten werden \u00fcblicherweise auf verschiedenen Wegen in Papier- oder elektronischer Form erfasst. Para el caso de que cont\u00e1ramos con informaci\u00f3n que pudiera provenir de terceras personas, le informaremos en la primera comunicaci\u00f3n o en un mes de plazo m\u00e1ximo.<br>Con el fin de poder ofrecerle productos y servicios de acuerdo con sus intereses podremos elaborar un perfil comercial, con base en dicha informaci\u00f3n. <\/p><h5>Legitimation<\/h5><p>Consentimiento del Interesado:<br>Ejecuci\u00f3n de un Contrato: Contrato laboral<br>Cumplimiento de una Obligaci\u00f3n legal: Cualesquiera derivadas de la ejecuci\u00f3n del contrato, en su caso Inter\u00e9s P\u00fablico o ejercicio de Poderes P\u00fablicos:<br>Inter\u00e9s leg\u00edtimo del responsable, o de un tercero:<\/p><ul><li>Examen de la ponderaci\u00f3n de su legitimidad frente a los intereses y los derechos y libertades fundamentales del interesado.<\/li><li>Schutz der lebenswichtigen Interessen des Interessenten oder einer anderen Person.<\/li><\/ul><p> <\/p><h5>Konservierung<\/h5><p>Ihre Daten werden f\u00fcr die Dauer des Zeitraums aufbewahrt, der f\u00fcr die Erbringung der gew\u00fcnschten Dienstleistung erforderlich ist. Una vez cumplida dicha finalidad sus datos ser\u00e1n conservados debidamente bloqueados para poder cumplir con las obligaciones que legalmente vengan impuestas al responsable por la legislaci\u00f3n vigente. Transcurridos dichos plazos, sus datos ser\u00e1n borrados definitivamente salvo que nos solicite expresamente la portabilidad a tercero.  <\/p><h5>Zielorte<\/h5><ul><li>Hacienda P\u00fablica, TG de la Seguridad Social o entidades Colaboradoras por tratarse de un requisito legal.<\/li><li>Trib. de Justicia, M\u00ba Fiscal o Fuerzas y Cuerpos de Seguridad del Estado, por tratarse de un requisito legal. <\/li><li>Steuerliche und arbeitsrechtliche Dienstleistungen<\/li><\/ul><h5>Rechte<\/h5><p>Puede ejercer sus derechos de accesseso, rectificaci\u00f3n, supresi\u00f3n y portabilidad de sus datos, y la limitaci\u00f3n u oposici\u00f3n al tratamiento en <a href=\"mailto:info@casaskaren.com\">info@casaskaren.com.<\/a><br>Asimismo, tiene derecho a retirar el consentimiento prestado y a reclamar ante la Autoridad de Control en <a href=\"http:\/\/www.agpd.es\/\">www.agpd.es<\/a><\/p><h3>Modificaciones.<\/h3><p>Um die Leistungen der Website zu verbessern, behalten wir uns das Recht vor, jederzeit und ohne vorherige Benachrichtigung des Benutzers die Pr\u00e4sentation, Konfiguration, technischen Spezifikationen und Dienste der Website einseitig zu erweitern oder vor\u00fcbergehend auszusetzen.<\/p><p>Asimismo se reserva el derecho de modificar en cualquier momento las presentes condiciones de uso as\u00ed como cualesquiera otras condiciones particulares.<\/p><h3>Hiperenlaces.<\/h3><p>F\u00fcr die hippen Inhalte dieser Website, die zu Webseiten Dritter f\u00fchren k\u00f6nnen, \u00fcbernehmen wir keine Verantwortung f\u00fcr die Inhalte, Informationen oder Dienstleistungen, die auf diesen Seiten erscheinen k\u00f6nnten, que tendr\u00e1n exclusivamente car\u00e1cter informativo y que en ning\u00fan caso implican relaci\u00f3n alguna entre esta web y a las personas o entidades titulares de tales contenidos o titulares de los sitios donde se encuentren.<\/p><h3>1.CONDICIONES GENERALES Y SU ACEPTACI\u00d3N<\/h3><p>Estas condiciones generales (en adelante, las &#8218;Condiciones Generales&#8216;) regulan el uso del servicio de nuestra Web Site de Internet &#8218;www.casaskaren.com&#8216;, (en adelante, la &#8218;Web Site&#8216;) que KAREN ABRAHAMS. pone gratuitamente a disposici\u00f3n de los usuarios de Internet. <\/p><p>Die Nutzung unserer Website ist mit der Zustimmung des Benutzers unserer Website (nachfolgend &#8218;Benutzer&#8216; genannt) verbunden und setzt die uneingeschr\u00e4nkte und vorbehaltlose Annahme aller und aller Allgemeinen Gesch\u00e4ftsbedingungen in der von KAREN ABRAHAMS ver\u00f6ffentlichten Fassung durch den Benutzer in dem Moment voraus, in dem der Benutzer auf unsere Website zugreift. En consecuencia, el Usuario debe leer atentamente las Condiciones Generales en cada una de las ocasiones en que se proponga utilizar nuestra Web Site. <\/p><p>Au\u00dferdem gilt f\u00fcr die Nutzung des Dienstes dasselbe wie f\u00fcr die von KAREN ABRAHAMS zur Verf\u00fcgung gestellten Hinweise, Nutzungsregeln und Anleitungen, die diese Allgemeinen Gesch\u00e4ftsbedingungen erg\u00e4nzen, sofern sie nicht davon abweichen. KAREN ABRAHAMS beh\u00e4lt sich das Recht vor, den Zugang zu seiner Website jederzeit und ohne Vorank\u00fcndigung zu verweigern oder zu sperren, wenn der Benutzer gegen die vorliegenden Allgemeinen Gesch\u00e4ftsbedingungen sowie die sich daraus ergebenden Besonderen Gesch\u00e4ftsbedingungen verst\u00f6\u00dft. <\/p><h3>2. DECLARACIONES Y USO RELACIONADO CON LA WEB SITE.<\/h3><h4>2.1. Erkl\u00e4rungen von KAREN ABRAHAMS und Haftungsbeschr\u00e4nkung.<\/h4><p>Esta Web Site ha sido elaborada de buena fe por KAREN ABRAHAMS con informaci\u00f3n procedente desde fuentes externas e internas de KAREN ABRAHAMS. Sin embargo, no se garantiza la exhaustividad, veracidad, exactitud o actualidad de toda la informaci\u00f3n que contiene ni, en particular, la utilidad de nuestra Web Site para la realizaci\u00f3n de alguna actividad en particular por el Usuario. <\/p><p>Dar\u00fcber hinaus kontrolliert und garantiert KAREN ABRAHAMS nicht das Auftreten von Viren oder anderen Elementen beim Zugriff auf unsere Website, die Ver\u00e4nderungen in den elektronischen Dokumenten und Dateien in Ihrem Computersystem verursachen k\u00f6nnen. Daher lehnt KAREN ABRAHAMS jede Verantwortung f\u00fcr Sch\u00e4den und Verletzungen nat\u00fcrlicher Art ab, die durch die Nutzung der Website und ihrer Dienste oder Inhalte durch die Benutzer entstehen k\u00f6nnen. <\/p><p>KAREN ABRAHAMS garantiert nicht die Verf\u00fcgbarkeit und Kontinuit\u00e4t des Betriebs seiner Website und\/oder seiner Dienstleistungen. No obstante, cuando ello sea razonablemente posible, KAREN ABRAHAMS advertir\u00e1 previamente las interrupciones en el funcionamiento de nuestra Web Site y de los Servicios. <\/p><p>In diesem Zusammenhang lehnt KAREN ABRAHAMS jegliche Verantwortung f\u00fcr Sch\u00e4den und Nachteile nat\u00fcrlicher Art ab, die auf die fehlende Verf\u00fcgbarkeit oder Kontinuit\u00e4t der Funktion unserer Website und unserer Dienstleistungen zur\u00fcckzuf\u00fchren sind.<\/p><h4>2.2. Uso correcto de los contenidos de la Web Site por el Usuario.<\/h4><p>KAREN ABRAHAMS erkl\u00e4rt, dass die Rechte an gewerblichen Schutzrechten (Marken, Handelsnamen usw.), die auf dieser Website erscheinen, in ihrem Eigentum stehen und\/oder aufgrund von Nutzungsvertr\u00e4gen oder -lizenzen rechtm\u00e4\u00dfig erworben wurden und durch die geltende Gesetzgebung \u00fcber gewerbliche Schutzrechte umfassend gesch\u00fctzt werden. El Usuario se obliga a usar la Web Site de forma diligente, correcta y l\u00edcita y, en particular, se compromete a abstenerse de: <\/p><ol><li>Suprimir, eludir o manipular el &#8218;copyright&#8216;, marcas y dem\u00e1s datos identificativos de los derechos de KAREN ABRAHAMS o de sus titulares incorporados a los contenidos y\/o productos comercializados desde nuestra Web Site, as\u00ed como los dispositivos t\u00e9cnicos de protecci\u00f3n, las huellas digitales o cualesquiera mecanismos de informaci\u00f3n que pudieren contener los mismos.<\/li><li>Die Inhalte und insbesondere die Informationen von KAREN ABRAHAMS, die Sie \u00fcber unsere Website erhalten haben, zu verwenden, um Werbung, direkte Mitteilungen oder andere kommerzielle Zwecke sowie unaufgeforderte Nachrichten an eine Vielzahl von Personen zu senden.<\/li><li>Reproduzieren oder Kopieren, Verbreiten, Zulassen des Zugangs der \u00d6ffentlichkeit \u00fcber jede Art der \u00f6ffentlichen Kommunikation, Umwandeln oder Ver\u00e4ndern der Inhalte, sofern dies mit der Genehmigung des Inhabers der entsprechenden Rechte geschieht oder rechtlich zul\u00e4ssig ist.<\/li><li>Generell die Nutzung der Inhalte in einer Form, mit einer Wirkung oder einem Effekt, die dem Gesetz, der Moral und den allgemein anerkannten guten Sitten oder der \u00f6ffentlichen Ordnung zuwiderlaufen. KAREN ABRAHAMS erteilt keine Lizenz oder Nutzungsgenehmigung irgendeiner Art f\u00fcr ihr gewerbliches und geistiges Eigentum oder f\u00fcr irgendein anderes mit ihrer Website verbundenes Eigentum oder Recht. <\/li><\/ol><h4>2.3. Procedimiento en caso de violaci\u00f3n de derechos de propiedad intelectual.<\/h4><p>En el caso de que cualquier Usuario o un thirdero considere que cualquiera de los contenidos ha sido introducido en su Web Site con violaci\u00f3n de sus derechos de propiedad intelectual deber\u00e1 enviar una notificaci\u00f3n a KAREN ABRAHAMS con indicaci\u00f3n completa y precisa de sus datos y de los derechos de propiedad intelectual supuestamente infringidos as\u00ed como la Web Site.<\/p><p>3. ANWENDBARES RECHT UND GERICHTSBARKEIT<\/p><p>Esta Web ha sido creada de conformidad con la legalidad y los c\u00f3digos de pr\u00e1ctica publicitaria existentes en Espa\u00f1a.<\/p><p>KAREN ABRAHAMS y el Usuario, con renuncia expresa a cualquier otro fuero, se someten a los Juzgados y Tribunales del domicilio del Usuario para cualquier controversia que pudiera derivarse de la prestaci\u00f3n de los servicios objeto de estas Condiciones Generales.<\/p><p>En el caso de que el Usuario tenga su domicilio fuera de Espa\u00f1a, KAREN ABRAHAMS y el Usuario se someten, con renuncia expresa a cualquier otro fuero, a los juzgados y tribunales de la ciudad de Madrid (Espa\u00f1a).<\/p>\t\t\t\t\t\t\t\t<\/div>\n\t\t\t\t<\/div>\n\t\t\t\t\t<\/div>\n\t\t\t\t<\/div>\n\t\t\t\t<\/div>\n\t\t","protected":false},"excerpt":{"rendered":"<p>RECHTLICHER HINWEIS Aviso Legal &#8211; LSSI &#8211; RGPD Allgemeine Bedingungen f\u00fcr die Nutzung dieser Webseite: Der vorliegende rechtliche Hinweis enth\u00e4lt [&hellip;]<\/p>\n","protected":false},"author":1,"featured_media":0,"parent":0,"menu_order":0,"comment_status":"closed","ping_status":"closed","template":"elementor_header_footer","meta":{"site-sidebar-layout":"no-sidebar","site-content-layout":"","ast-site-content-layout":"full-width-container","site-content-style":"default","site-sidebar-style":"default","ast-global-header-display":"","ast-banner-title-visibility":"","ast-main-header-display":"","ast-hfb-above-header-display":"","ast-hfb-below-header-display":"","ast-hfb-mobile-header-display":"","site-post-title":"disabled","ast-breadcrumbs-content":"","ast-featured-img":"disabled","footer-sml-layout":"","ast-disable-related-posts":"","theme-transparent-header-meta":"default","adv-header-id-meta":"","stick-header-meta":"","header-above-stick-meta":"","header-main-stick-meta":"","header-below-stick-meta":"","astra-migrate-meta-layouts":"default","ast-page-background-enabled":"default","ast-page-background-meta":{"desktop":{"background-color":"var(--ast-global-color-5)","background-image":"","background-repeat":"repeat","background-position":"center center","background-size":"auto","background-attachment":"scroll","background-type":"","background-media":"","overlay-type":"","overlay-color":"","overlay-opacity":"","overlay-gradient":""},"tablet":{"background-color":"","background-image":"","background-repeat":"repeat","background-position":"center center","background-size":"auto","background-attachment":"scroll","background-type":"","background-media":"","overlay-type":"","overlay-color":"","overlay-opacity":"","overlay-gradient":""},"mobile":{"background-color":"","background-image":"","background-repeat":"repeat","background-position":"center center","background-size":"auto","background-attachment":"scroll","background-type":"","background-media":"","overlay-type":"","overlay-color":"","overlay-opacity":"","overlay-gradient":""}},"ast-content-background-meta":{"desktop":{"background-color":"var(--ast-global-color-4)","background-image":"","background-repeat":"repeat","background-position":"center center","background-size":"auto","background-attachment":"scroll","background-type":"","background-media":"","overlay-type":"","overlay-color":"","overlay-opacity":"","overlay-gradient":""},"tablet":{"background-color":"var(--ast-global-color-4)","background-image":"","background-repeat":"repeat","background-position":"center center","background-size":"auto","background-attachment":"scroll","background-type":"","background-media":"","overlay-type":"","overlay-color":"","overlay-opacity":"","overlay-gradient":""},"mobile":{"background-color":"var(--ast-global-color-4)","background-image":"","background-repeat":"repeat","background-position":"center center","background-size":"auto","background-attachment":"scroll","background-type":"","background-media":"","overlay-type":"","overlay-color":"","overlay-opacity":"","overlay-gradient":""}},"footnotes":""},"class_list":["post-3713","page","type-page","status-publish","hentry"],"yoast_head":"<!-- This site is optimized with the Yoast SEO plugin v27.2 - https:\/\/yoast.com\/product\/yoast-seo-wordpress\/ -->\n<title>Rechtlicher Hinweis - casaskaren<\/title>\n<meta name=\"robots\" content=\"index, follow, max-snippet:-1, max-image-preview:large, max-video-preview:-1\" \/>\n<link rel=\"canonical\" href=\"https:\/\/casaskaren.com\/de\/rechtlicher-hinweis\/\" \/>\n<meta property=\"og:locale\" content=\"de_DE\" \/>\n<meta property=\"og:type\" content=\"article\" \/>\n<meta property=\"og:title\" content=\"Rechtlicher Hinweis - casaskaren\" \/>\n<meta property=\"og:description\" content=\"RECHTLICHER HINWEIS Aviso Legal &#8211; LSSI &#8211; RGPD Allgemeine Bedingungen f\u00fcr die Nutzung dieser Webseite: Der vorliegende rechtliche Hinweis enth\u00e4lt [&hellip;]\" \/>\n<meta property=\"og:url\" content=\"https:\/\/casaskaren.com\/de\/rechtlicher-hinweis\/\" \/>\n<meta property=\"og:site_name\" content=\"casaskaren\" \/>\n<meta property=\"article:modified_time\" content=\"2025-07-21T15:11:07+00:00\" \/>\n<meta name=\"twitter:card\" content=\"summary_large_image\" \/>\n<meta name=\"twitter:label1\" content=\"Gesch\u00e4tzte Lesezeit\" \/>\n\t<meta name=\"twitter:data1\" content=\"10\u00a0Minuten\" \/>\n<script type=\"application\/ld+json\" class=\"yoast-schema-graph\">{\"@context\":\"https:\/\/schema.org\",\"@graph\":[{\"@type\":\"WebPage\",\"@id\":\"https:\/\/casaskaren.com\/de\/rechtlicher-hinweis\/\",\"url\":\"https:\/\/casaskaren.com\/de\/rechtlicher-hinweis\/\",\"name\":\"Rechtlicher Hinweis - casaskaren\",\"isPartOf\":{\"@id\":\"https:\/\/casaskaren.com\/de\/#website\"},\"datePublished\":\"2025-05-29T18:52:20+00:00\",\"dateModified\":\"2025-07-21T15:11:07+00:00\",\"breadcrumb\":{\"@id\":\"https:\/\/casaskaren.com\/de\/rechtlicher-hinweis\/#breadcrumb\"},\"inLanguage\":\"de\",\"potentialAction\":[{\"@type\":\"ReadAction\",\"target\":[\"https:\/\/casaskaren.com\/de\/rechtlicher-hinweis\/\"]}]},{\"@type\":\"BreadcrumbList\",\"@id\":\"https:\/\/casaskaren.com\/de\/rechtlicher-hinweis\/#breadcrumb\",\"itemListElement\":[{\"@type\":\"ListItem\",\"position\":1,\"name\":\"Home\",\"item\":\"https:\/\/casaskaren.com\/de\/\"},{\"@type\":\"ListItem\",\"position\":2,\"name\":\"Rechtlicher Hinweis\"}]},{\"@type\":\"WebSite\",\"@id\":\"https:\/\/casaskaren.com\/de\/#website\",\"url\":\"https:\/\/casaskaren.com\/de\/\",\"name\":\"casaskaren\",\"description\":\"\",\"publisher\":{\"@id\":\"https:\/\/casaskaren.com\/de\/#organization\"},\"potentialAction\":[{\"@type\":\"SearchAction\",\"target\":{\"@type\":\"EntryPoint\",\"urlTemplate\":\"https:\/\/casaskaren.com\/de\/?s={search_term_string}\"},\"query-input\":{\"@type\":\"PropertyValueSpecification\",\"valueRequired\":true,\"valueName\":\"search_term_string\"}}],\"inLanguage\":\"de\"},{\"@type\":\"Organization\",\"@id\":\"https:\/\/casaskaren.com\/de\/#organization\",\"name\":\"casaskaren\",\"url\":\"https:\/\/casaskaren.com\/de\/\",\"logo\":{\"@type\":\"ImageObject\",\"inLanguage\":\"de\",\"@id\":\"https:\/\/casaskaren.com\/de\/#\/schema\/logo\/image\/\",\"url\":\"https:\/\/casaskaren.com\/wp-content\/uploads\/2025\/06\/logotipo-casas-karen.jpg\",\"contentUrl\":\"https:\/\/casaskaren.com\/wp-content\/uploads\/2025\/06\/logotipo-casas-karen.jpg\",\"width\":1332,\"height\":420,\"caption\":\"casaskaren\"},\"image\":{\"@id\":\"https:\/\/casaskaren.com\/de\/#\/schema\/logo\/image\/\"}}]}<\/script>\n<!-- \/ Yoast SEO plugin. -->","yoast_head_json":{"title":"Rechtlicher Hinweis - casaskaren","robots":{"index":"index","follow":"follow","max-snippet":"max-snippet:-1","max-image-preview":"max-image-preview:large","max-video-preview":"max-video-preview:-1"},"canonical":"https:\/\/casaskaren.com\/de\/rechtlicher-hinweis\/","og_locale":"de_DE","og_type":"article","og_title":"Rechtlicher Hinweis - casaskaren","og_description":"RECHTLICHER HINWEIS Aviso Legal &#8211; LSSI &#8211; RGPD Allgemeine Bedingungen f\u00fcr die Nutzung dieser Webseite: Der vorliegende rechtliche Hinweis enth\u00e4lt [&hellip;]","og_url":"https:\/\/casaskaren.com\/de\/rechtlicher-hinweis\/","og_site_name":"casaskaren","article_modified_time":"2025-07-21T15:11:07+00:00","twitter_card":"summary_large_image","twitter_misc":{"Gesch\u00e4tzte Lesezeit":"10\u00a0Minuten"},"schema":{"@context":"https:\/\/schema.org","@graph":[{"@type":"WebPage","@id":"https:\/\/casaskaren.com\/de\/rechtlicher-hinweis\/","url":"https:\/\/casaskaren.com\/de\/rechtlicher-hinweis\/","name":"Rechtlicher Hinweis - casaskaren","isPartOf":{"@id":"https:\/\/casaskaren.com\/de\/#website"},"datePublished":"2025-05-29T18:52:20+00:00","dateModified":"2025-07-21T15:11:07+00:00","breadcrumb":{"@id":"https:\/\/casaskaren.com\/de\/rechtlicher-hinweis\/#breadcrumb"},"inLanguage":"de","potentialAction":[{"@type":"ReadAction","target":["https:\/\/casaskaren.com\/de\/rechtlicher-hinweis\/"]}]},{"@type":"BreadcrumbList","@id":"https:\/\/casaskaren.com\/de\/rechtlicher-hinweis\/#breadcrumb","itemListElement":[{"@type":"ListItem","position":1,"name":"Home","item":"https:\/\/casaskaren.com\/de\/"},{"@type":"ListItem","position":2,"name":"Rechtlicher Hinweis"}]},{"@type":"WebSite","@id":"https:\/\/casaskaren.com\/de\/#website","url":"https:\/\/casaskaren.com\/de\/","name":"casaskaren","description":"","publisher":{"@id":"https:\/\/casaskaren.com\/de\/#organization"},"potentialAction":[{"@type":"SearchAction","target":{"@type":"EntryPoint","urlTemplate":"https:\/\/casaskaren.com\/de\/?s={search_term_string}"},"query-input":{"@type":"PropertyValueSpecification","valueRequired":true,"valueName":"search_term_string"}}],"inLanguage":"de"},{"@type":"Organization","@id":"https:\/\/casaskaren.com\/de\/#organization","name":"casaskaren","url":"https:\/\/casaskaren.com\/de\/","logo":{"@type":"ImageObject","inLanguage":"de","@id":"https:\/\/casaskaren.com\/de\/#\/schema\/logo\/image\/","url":"https:\/\/casaskaren.com\/wp-content\/uploads\/2025\/06\/logotipo-casas-karen.jpg","contentUrl":"https:\/\/casaskaren.com\/wp-content\/uploads\/2025\/06\/logotipo-casas-karen.jpg","width":1332,"height":420,"caption":"casaskaren"},"image":{"@id":"https:\/\/casaskaren.com\/de\/#\/schema\/logo\/image\/"}}]}},"_links":{"self":[{"href":"https:\/\/casaskaren.com\/de\/wp-json\/wp\/v2\/pages\/3713","targetHints":{"allow":["GET"]}}],"collection":[{"href":"https:\/\/casaskaren.com\/de\/wp-json\/wp\/v2\/pages"}],"about":[{"href":"https:\/\/casaskaren.com\/de\/wp-json\/wp\/v2\/types\/page"}],"author":[{"embeddable":true,"href":"https:\/\/casaskaren.com\/de\/wp-json\/wp\/v2\/users\/1"}],"replies":[{"embeddable":true,"href":"https:\/\/casaskaren.com\/de\/wp-json\/wp\/v2\/comments?post=3713"}],"version-history":[{"count":1,"href":"https:\/\/casaskaren.com\/de\/wp-json\/wp\/v2\/pages\/3713\/revisions"}],"predecessor-version":[{"id":3733,"href":"https:\/\/casaskaren.com\/de\/wp-json\/wp\/v2\/pages\/3713\/revisions\/3733"}],"wp:attachment":[{"href":"https:\/\/casaskaren.com\/de\/wp-json\/wp\/v2\/media?parent=3713"}],"curies":[{"name":"wp","href":"https:\/\/api.w.org\/{rel}","templated":true}]}}