{"id":4501,"date":"2025-05-29T18:56:40","date_gmt":"2025-05-29T18:56:40","guid":{"rendered":"https:\/\/casaskaren2.johnweb.nl\/bedingungen-fuer-den-aufenthalt\/"},"modified":"2025-07-21T15:11:59","modified_gmt":"2025-07-21T15:11:59","slug":"bedingungen-fuer-den-aufenthalt","status":"publish","type":"page","link":"https:\/\/casaskaren.com\/de\/bedingungen-fuer-den-aufenthalt\/","title":{"rendered":"Bedingungen f\u00fcr den Aufenthalt"},"content":{"rendered":"\t\t<div data-elementor-type=\"wp-page\" data-elementor-id=\"4501\" class=\"elementor elementor-4501 elementor-35\" data-elementor-post-type=\"page\">\n\t\t\t\t<div class=\"elementor-element elementor-element-880ccd7 e-flex e-con-boxed e-con e-parent\" data-id=\"880ccd7\" data-element_type=\"container\" data-e-type=\"container\">\n\t\t\t\t\t<div class=\"e-con-inner\">\n\t\t\t\t<div class=\"elementor-element elementor-element-7e1f7f5 elementor-widget elementor-widget-heading\" data-id=\"7e1f7f5\" data-element_type=\"widget\" data-e-type=\"widget\" data-widget_type=\"heading.default\">\n\t\t\t\t<div class=\"elementor-widget-container\">\n\t\t\t\t\t<h2 class=\"elementor-heading-title elementor-size-default\">Aufenthaltsbedingungen &amp; Informationen<\/h2>\t\t\t\t<\/div>\n\t\t\t\t<\/div>\n\t\t\t\t<div class=\"elementor-element elementor-element-b741f8d elementor-widget elementor-widget-text-editor\" data-id=\"b741f8d\" data-element_type=\"widget\" data-e-type=\"widget\" data-widget_type=\"text-editor.default\">\n\t\t\t\t<div class=\"elementor-widget-container\">\n\t\t\t\t\t\t\t\t\t<div class=\"et_pb_module et_pb_text et_pb_text_1 et_pb_text_align_left et_pb_bg_layout_light\"><div class=\"et_pb_text_inner\"><h2>AUFENTHALTSBEDINGUNGEN &amp; INFORMATIONEN IN CASAS KAREN<\/h2><p>Casas Karen ist ein Ort, an dem Sie die Ruhe und die umliegende Natur genie\u00dfen k\u00f6nnen. Aus diesem Grund tun wir unser Bestes, um an diejenigen zu vermieten, die eine friedliche nat\u00fcrliche Umgebung sch\u00e4tzen. <\/p><p><strong>ANKUNFTS- UND ABFAHRTSZEIT<\/strong><\/p><ul><li>Ankunftszeit: Ab 16.00 Uhr (Manchmal ist es m\u00f6glich, fr\u00fcher anzukommen. Erkundigen Sie sich im Voraus, ob dies m\u00f6glich ist). <\/li><li>Abfahrtszeit: Vor 11.00 Uhr. Wenn Sie l\u00e4nger bleiben m\u00f6chten und die Verf\u00fcgbarkeit gegeben ist, organisieren Sie dies bitte im Voraus im B\u00fcro. In einigen F\u00e4llen wird ein Aufpreis f\u00fcr einen halben Tag Aufenthalt berechnet.  <\/li><\/ul><p><strong>RUBBISH<\/strong><\/p><p>Bitte werfen Sie Ihren M\u00fcll in die entsprechenden Container, die sich an der Hauptstra\u00dfe von Los Ca\u00f1os befinden. Es gibt keine M\u00fcllabfuhr an den H\u00e4usern in Los Ca\u00f1os de Meca, nur an der Hauptstra\u00dfe.<br>Es wird eine zus\u00e4tzliche Geb\u00fchr von 5 \u20ac erhoben, wenn Sie den M\u00fcll am Ende Ihres Aufenthalts im Haus lassen m\u00f6chten. <\/p><p><strong>REINIGUNG<\/strong><\/p><p>Wenn das Haus \u00fcber die f\u00fcr die Grundreinigung vorgesehene Zeit hinaus gereinigt werden muss, wird Ihre Kreditkarte f\u00fcr die zus\u00e4tzliche Zeit belastet.<\/p><ul><li>1 Stunde -18 \u20ac<\/li><li>Eine halbe Stunde -9 \u20ac<\/li><\/ul><p><strong>\u00d6KOLOGISCHE PRODUKTE<\/strong><\/p><p>Bitte verwenden Sie nur \u00f6kologische Produkte:<\/p><ul><li>F\u00fcr Toilettenartikel (wir haben Shampoo und Seife zum Verkauf im B\u00fcro)<\/li><li>Nat\u00fcrliches Anti &#8211; M\u00fcckenmittel (Citronella, etc..)<\/li><li>\u00d6kologische Produkte zum Geschirrsp\u00fclen, Mehrzweckreinigungsmittel, die wir Ihnen in der Unterkunft zur Verf\u00fcgung stellen.<\/li><\/ul><p>Bitte verwenden Sie nicht:<\/p><ul><li>Bleichmittel oder andere nicht-\u00f6kologische Produkte<\/li><\/ul><p><strong>EINRICHTUNGEN<\/strong><\/p><p>Falls etwas w\u00e4hrend Ihres Aufenthalts falsch benutzt, kaputt oder erheblich besch\u00e4digt wird, ist der Gast daf\u00fcr verantwortlich, entweder den Gegenstand zu ersetzen, f\u00fcr den Kauf eines neuen zu bezahlen oder ihn zu reparieren und uns zu melden.<br>Casas Karen ist nicht verantwortlich f\u00fcr Verlust, Bruch, Diebstahl oder Verschwinden von Eigentum des Kunden w\u00e4hrend seines Aufenthalts in unseren Einrichtungen.<br>Casas Karen beh\u00e4lt sich das Recht vor, die Kreditkarte des Kunden f\u00fcr Sch\u00e4den, Diebstahl oder Extras zu belasten, die w\u00e4hrend Ihres Aufenthalts in den Innenr\u00e4umen von Casas Karen auftreten k\u00f6nnen.<\/p><p><strong>STORNIERUNGEN<\/strong><\/p><p>Alle \u00c4nderungen oder Stornierungen sollten nicht nur telefonisch, sondern auch per E-Mail erfolgen.<br>Bis zu 30 Tage vorher: Wir erstatten die Anzahlung abz\u00fcglich 60 \u20ac f\u00fcr Verwaltungskosten.<br>Von 29 bis 7 Tagen erstatten wir 50 % der Anzahlung. (Wenn Sie bereits 100 % gezahlt haben, erstatten wir 75 %). <br>Weniger als 6 Tage vorher wird die Anzahlung nicht zur\u00fcckerstattet \/ wenn Sie bereits 100 % gezahlt haben, erhalten Sie 60 % zur\u00fcck)<\/p><p>Wenn die Stornierung aufgrund von Covid-19 (Mobilit\u00e4tseinschr\u00e4nkungen usw.) erfolgt, bietet Casas Karen:<\/p><p>1. Speichern Sie 100% der geleisteten Anzahlung f\u00fcr eine zuk\u00fcnftige Reservierung, ohne Verfallsdatum<br>2. Wir erstatten die Anzahlung abz\u00fcglich 60 \u20ac f\u00fcr Verwaltungskosten.<\/p><p>Wir empfehlen Ihnen, eine Reiseversicherung abzuschlie\u00dfen, die auch Stornierungskosten einschlie\u00dft.<\/p><p><strong>TIERE<\/strong><\/p><p>Wenn Sie mit Ihrem Haustier kommen m\u00f6chten:<\/p><p>Wir erlauben nur ruhige und gut erzogene Tiere.<br>10 \u20ac pro Nacht und Tier<br>F\u00fcr mehr als ein Haustier kontaktieren Sie uns bitte vor der Buchung und wir werden Ihnen best\u00e4tigen, ob dies m\u00f6glich ist.<br>Wir m\u00fcssen wissen, dass Sie ein Haustier mitbringen, wenn Sie die Buchung vornehmen.<br>Kreuzen Sie das Feld &#8222;Haustier&#8220; an.<br>Bitte geben Sie an: wie viele Haustiere, Art und Rasse des Tieres.<\/p><p><strong>Regeln f\u00fcr Haustierbesitzer<\/strong><\/p><p>Wir bitten Sie, mit Ihren Haustieren spazieren zu gehen, damit sie ihre Notdurft im Naturpark verrichten k\u00f6nnen. Lassen Sie Ihr(e) Haustier(e) nicht frei, bevor Sie zur\u00fcckkehren.<br>Erlauben Sie Ihren Tieren nicht, auf die Sofas oder Betten zu gelangen. Bringen Sie Einstreu und\/oder Decken f\u00fcr Ihr Tier mit.<br>Die Eigent\u00fcmer sind daf\u00fcr verantwortlich, wenn die Tiere Sch\u00e4den in der Unterkunft, auf dem Gel\u00e4nde oder bei Dritten verursachen.<br>Casas Karen lehnt daher jede Verantwortung ab, wenn einer der oben genannten F\u00e4lle eintritt.<br>Wir empfehlen eine Haustierversicherung.<br>Sie k\u00f6nnen Ihr Haustier nicht allein in der Unterkunft oder auf dem Gel\u00e4nde von Casas Karen lassen. Sollte es zu einem Problem kommen, wenden Sie sich bitte an das B\u00fcro.<br>Die Tiere m\u00fcssen in einem einwandfreien hygienischen Zustand sein.   <\/p><p> <\/p><p><strong>Casas Karen beh\u00e4lt sich das Recht vor, den Aufenthalt einer Person zu beenden, die die Mindeststandards f\u00fcr H\u00f6flichkeit und Zusammenleben nicht einh\u00e4lt.<\/strong><\/p><\/div><\/div>\t\t\t\t\t\t\t\t<\/div>\n\t\t\t\t<\/div>\n\t\t\t\t\t<\/div>\n\t\t\t\t<\/div>\n\t\t\t\t<\/div>\n\t\t","protected":false},"excerpt":{"rendered":"<p>Aufenthaltsbedingungen &amp; Informationen AUFENTHALTSBEDINGUNGEN &amp; INFORMATIONEN IN CASAS KAREN Casas Karen ist ein Ort, an dem Sie die Ruhe und [&hellip;]<\/p>\n","protected":false},"author":1,"featured_media":0,"parent":0,"menu_order":0,"comment_status":"closed","ping_status":"closed","template":"elementor_header_footer","meta":{"site-sidebar-layout":"no-sidebar","site-content-layout":"","ast-site-content-layout":"full-width-container","site-content-style":"default","site-sidebar-style":"default","ast-global-header-display":"","ast-banner-title-visibility":"","ast-main-header-display":"","ast-hfb-above-header-display":"","ast-hfb-below-header-display":"","ast-hfb-mobile-header-display":"","site-post-title":"disabled","ast-breadcrumbs-content":"","ast-featured-img":"disabled","footer-sml-layout":"","ast-disable-related-posts":"","theme-transparent-header-meta":"default","adv-header-id-meta":"","stick-header-meta":"","header-above-stick-meta":"","header-main-stick-meta":"","header-below-stick-meta":"","astra-migrate-meta-layouts":"default","ast-page-background-enabled":"default","ast-page-background-meta":{"desktop":{"background-color":"var(--ast-global-color-5)","background-image":"","background-repeat":"repeat","background-position":"center center","background-size":"auto","background-attachment":"scroll","background-type":"","background-media":"","overlay-type":"","overlay-color":"","overlay-opacity":"","overlay-gradient":""},"tablet":{"background-color":"","background-image":"","background-repeat":"repeat","background-position":"center center","background-size":"auto","background-attachment":"scroll","background-type":"","background-media":"","overlay-type":"","overlay-color":"","overlay-opacity":"","overlay-gradient":""},"mobile":{"background-color":"","background-image":"","background-repeat":"repeat","background-position":"center center","background-size":"auto","background-attachment":"scroll","background-type":"","background-media":"","overlay-type":"","overlay-color":"","overlay-opacity":"","overlay-gradient":""}},"ast-content-background-meta":{"desktop":{"background-color":"var(--ast-global-color-4)","background-image":"","background-repeat":"repeat","background-position":"center center","background-size":"auto","background-attachment":"scroll","background-type":"","background-media":"","overlay-type":"","overlay-color":"","overlay-opacity":"","overlay-gradient":""},"tablet":{"background-color":"var(--ast-global-color-4)","background-image":"","background-repeat":"repeat","background-position":"center center","background-size":"auto","background-attachment":"scroll","background-type":"","background-media":"","overlay-type":"","overlay-color":"","overlay-opacity":"","overlay-gradient":""},"mobile":{"background-color":"var(--ast-global-color-4)","background-image":"","background-repeat":"repeat","background-position":"center center","background-size":"auto","background-attachment":"scroll","background-type":"","background-media":"","overlay-type":"","overlay-color":"","overlay-opacity":"","overlay-gradient":""}},"footnotes":""},"class_list":["post-4501","page","type-page","status-publish","hentry"],"yoast_head":"<!-- This site is optimized with the Yoast SEO plugin v27.2 - https:\/\/yoast.com\/product\/yoast-seo-wordpress\/ -->\n<title>Bedingungen f\u00fcr den Aufenthalt - casaskaren<\/title>\n<meta name=\"robots\" content=\"index, follow, max-snippet:-1, max-image-preview:large, max-video-preview:-1\" \/>\n<link rel=\"canonical\" href=\"https:\/\/casaskaren.com\/de\/bedingungen-fuer-den-aufenthalt\/\" \/>\n<meta property=\"og:locale\" content=\"de_DE\" \/>\n<meta property=\"og:type\" content=\"article\" \/>\n<meta property=\"og:title\" content=\"Bedingungen f\u00fcr den Aufenthalt - casaskaren\" \/>\n<meta property=\"og:description\" content=\"Aufenthaltsbedingungen &amp; Informationen AUFENTHALTSBEDINGUNGEN &amp; INFORMATIONEN IN CASAS KAREN Casas Karen ist ein Ort, an dem Sie die Ruhe und [&hellip;]\" \/>\n<meta property=\"og:url\" content=\"https:\/\/casaskaren.com\/de\/bedingungen-fuer-den-aufenthalt\/\" \/>\n<meta property=\"og:site_name\" content=\"casaskaren\" \/>\n<meta property=\"article:modified_time\" content=\"2025-07-21T15:11:59+00:00\" \/>\n<meta name=\"twitter:card\" content=\"summary_large_image\" \/>\n<meta name=\"twitter:label1\" content=\"Gesch\u00e4tzte Lesezeit\" \/>\n\t<meta name=\"twitter:data1\" content=\"4\u00a0Minuten\" \/>\n<script type=\"application\/ld+json\" class=\"yoast-schema-graph\">{\"@context\":\"https:\/\/schema.org\",\"@graph\":[{\"@type\":\"WebPage\",\"@id\":\"https:\/\/casaskaren.com\/de\/bedingungen-fuer-den-aufenthalt\/\",\"url\":\"https:\/\/casaskaren.com\/de\/bedingungen-fuer-den-aufenthalt\/\",\"name\":\"Bedingungen f\u00fcr den Aufenthalt - casaskaren\",\"isPartOf\":{\"@id\":\"https:\/\/casaskaren.com\/de\/#website\"},\"datePublished\":\"2025-05-29T18:56:40+00:00\",\"dateModified\":\"2025-07-21T15:11:59+00:00\",\"breadcrumb\":{\"@id\":\"https:\/\/casaskaren.com\/de\/bedingungen-fuer-den-aufenthalt\/#breadcrumb\"},\"inLanguage\":\"de\",\"potentialAction\":[{\"@type\":\"ReadAction\",\"target\":[\"https:\/\/casaskaren.com\/de\/bedingungen-fuer-den-aufenthalt\/\"]}]},{\"@type\":\"BreadcrumbList\",\"@id\":\"https:\/\/casaskaren.com\/de\/bedingungen-fuer-den-aufenthalt\/#breadcrumb\",\"itemListElement\":[{\"@type\":\"ListItem\",\"position\":1,\"name\":\"Home\",\"item\":\"https:\/\/casaskaren.com\/de\/\"},{\"@type\":\"ListItem\",\"position\":2,\"name\":\"Bedingungen f\u00fcr den Aufenthalt\"}]},{\"@type\":\"WebSite\",\"@id\":\"https:\/\/casaskaren.com\/de\/#website\",\"url\":\"https:\/\/casaskaren.com\/de\/\",\"name\":\"casaskaren\",\"description\":\"\",\"publisher\":{\"@id\":\"https:\/\/casaskaren.com\/de\/#organization\"},\"potentialAction\":[{\"@type\":\"SearchAction\",\"target\":{\"@type\":\"EntryPoint\",\"urlTemplate\":\"https:\/\/casaskaren.com\/de\/?s={search_term_string}\"},\"query-input\":{\"@type\":\"PropertyValueSpecification\",\"valueRequired\":true,\"valueName\":\"search_term_string\"}}],\"inLanguage\":\"de\"},{\"@type\":\"Organization\",\"@id\":\"https:\/\/casaskaren.com\/de\/#organization\",\"name\":\"casaskaren\",\"url\":\"https:\/\/casaskaren.com\/de\/\",\"logo\":{\"@type\":\"ImageObject\",\"inLanguage\":\"de\",\"@id\":\"https:\/\/casaskaren.com\/de\/#\/schema\/logo\/image\/\",\"url\":\"https:\/\/casaskaren.com\/wp-content\/uploads\/2025\/06\/logotipo-casas-karen.jpg\",\"contentUrl\":\"https:\/\/casaskaren.com\/wp-content\/uploads\/2025\/06\/logotipo-casas-karen.jpg\",\"width\":1332,\"height\":420,\"caption\":\"casaskaren\"},\"image\":{\"@id\":\"https:\/\/casaskaren.com\/de\/#\/schema\/logo\/image\/\"}}]}<\/script>\n<!-- \/ Yoast SEO plugin. -->","yoast_head_json":{"title":"Bedingungen f\u00fcr den Aufenthalt - casaskaren","robots":{"index":"index","follow":"follow","max-snippet":"max-snippet:-1","max-image-preview":"max-image-preview:large","max-video-preview":"max-video-preview:-1"},"canonical":"https:\/\/casaskaren.com\/de\/bedingungen-fuer-den-aufenthalt\/","og_locale":"de_DE","og_type":"article","og_title":"Bedingungen f\u00fcr den Aufenthalt - casaskaren","og_description":"Aufenthaltsbedingungen &amp; Informationen AUFENTHALTSBEDINGUNGEN &amp; INFORMATIONEN IN CASAS KAREN Casas Karen ist ein Ort, an dem Sie die Ruhe und [&hellip;]","og_url":"https:\/\/casaskaren.com\/de\/bedingungen-fuer-den-aufenthalt\/","og_site_name":"casaskaren","article_modified_time":"2025-07-21T15:11:59+00:00","twitter_card":"summary_large_image","twitter_misc":{"Gesch\u00e4tzte Lesezeit":"4\u00a0Minuten"},"schema":{"@context":"https:\/\/schema.org","@graph":[{"@type":"WebPage","@id":"https:\/\/casaskaren.com\/de\/bedingungen-fuer-den-aufenthalt\/","url":"https:\/\/casaskaren.com\/de\/bedingungen-fuer-den-aufenthalt\/","name":"Bedingungen f\u00fcr den Aufenthalt - casaskaren","isPartOf":{"@id":"https:\/\/casaskaren.com\/de\/#website"},"datePublished":"2025-05-29T18:56:40+00:00","dateModified":"2025-07-21T15:11:59+00:00","breadcrumb":{"@id":"https:\/\/casaskaren.com\/de\/bedingungen-fuer-den-aufenthalt\/#breadcrumb"},"inLanguage":"de","potentialAction":[{"@type":"ReadAction","target":["https:\/\/casaskaren.com\/de\/bedingungen-fuer-den-aufenthalt\/"]}]},{"@type":"BreadcrumbList","@id":"https:\/\/casaskaren.com\/de\/bedingungen-fuer-den-aufenthalt\/#breadcrumb","itemListElement":[{"@type":"ListItem","position":1,"name":"Home","item":"https:\/\/casaskaren.com\/de\/"},{"@type":"ListItem","position":2,"name":"Bedingungen f\u00fcr den Aufenthalt"}]},{"@type":"WebSite","@id":"https:\/\/casaskaren.com\/de\/#website","url":"https:\/\/casaskaren.com\/de\/","name":"casaskaren","description":"","publisher":{"@id":"https:\/\/casaskaren.com\/de\/#organization"},"potentialAction":[{"@type":"SearchAction","target":{"@type":"EntryPoint","urlTemplate":"https:\/\/casaskaren.com\/de\/?s={search_term_string}"},"query-input":{"@type":"PropertyValueSpecification","valueRequired":true,"valueName":"search_term_string"}}],"inLanguage":"de"},{"@type":"Organization","@id":"https:\/\/casaskaren.com\/de\/#organization","name":"casaskaren","url":"https:\/\/casaskaren.com\/de\/","logo":{"@type":"ImageObject","inLanguage":"de","@id":"https:\/\/casaskaren.com\/de\/#\/schema\/logo\/image\/","url":"https:\/\/casaskaren.com\/wp-content\/uploads\/2025\/06\/logotipo-casas-karen.jpg","contentUrl":"https:\/\/casaskaren.com\/wp-content\/uploads\/2025\/06\/logotipo-casas-karen.jpg","width":1332,"height":420,"caption":"casaskaren"},"image":{"@id":"https:\/\/casaskaren.com\/de\/#\/schema\/logo\/image\/"}}]}},"_links":{"self":[{"href":"https:\/\/casaskaren.com\/de\/wp-json\/wp\/v2\/pages\/4501","targetHints":{"allow":["GET"]}}],"collection":[{"href":"https:\/\/casaskaren.com\/de\/wp-json\/wp\/v2\/pages"}],"about":[{"href":"https:\/\/casaskaren.com\/de\/wp-json\/wp\/v2\/types\/page"}],"author":[{"embeddable":true,"href":"https:\/\/casaskaren.com\/de\/wp-json\/wp\/v2\/users\/1"}],"replies":[{"embeddable":true,"href":"https:\/\/casaskaren.com\/de\/wp-json\/wp\/v2\/comments?post=4501"}],"version-history":[{"count":1,"href":"https:\/\/casaskaren.com\/de\/wp-json\/wp\/v2\/pages\/4501\/revisions"}],"predecessor-version":[{"id":4522,"href":"https:\/\/casaskaren.com\/de\/wp-json\/wp\/v2\/pages\/4501\/revisions\/4522"}],"wp:attachment":[{"href":"https:\/\/casaskaren.com\/de\/wp-json\/wp\/v2\/media?parent=4501"}],"curies":[{"name":"wp","href":"https:\/\/api.w.org\/{rel}","templated":true}]}}