{"id":4555,"date":"2025-05-29T18:56:40","date_gmt":"2025-05-29T18:56:40","guid":{"rendered":"https:\/\/casaskaren2.johnweb.nl\/reservierungsbedingungen-und-informationen\/"},"modified":"2025-09-18T10:42:56","modified_gmt":"2025-09-18T10:42:56","slug":"reservierungsbedingungen-und-informationen","status":"publish","type":"page","link":"https:\/\/casaskaren.com\/de\/reservierungsbedingungen-und-informationen\/","title":{"rendered":"Reservierungsbedingungen und Informationen"},"content":{"rendered":"\t\t<div data-elementor-type=\"wp-page\" data-elementor-id=\"4555\" class=\"elementor elementor-4555 elementor-1783\" data-elementor-post-type=\"page\">\n\t\t\t\t<div class=\"elementor-element elementor-element-880ccd7 e-flex e-con-boxed e-con e-parent\" data-id=\"880ccd7\" data-element_type=\"container\" data-e-type=\"container\">\n\t\t\t\t\t<div class=\"e-con-inner\">\n\t\t\t\t<div class=\"elementor-element elementor-element-7e1f7f5 elementor-widget elementor-widget-heading\" data-id=\"7e1f7f5\" data-element_type=\"widget\" data-e-type=\"widget\" data-widget_type=\"heading.default\">\n\t\t\t\t<div class=\"elementor-widget-container\">\n\t\t\t\t\t<h2 class=\"elementor-heading-title elementor-size-default\">RESERVIERUNGSBEDINGUNGEN UND INFORMATIONEN<\/h2>\t\t\t\t<\/div>\n\t\t\t\t<\/div>\n\t\t\t\t<div class=\"elementor-element elementor-element-b741f8d elementor-widget elementor-widget-text-editor\" data-id=\"b741f8d\" data-element_type=\"widget\" data-e-type=\"widget\" data-widget_type=\"text-editor.default\">\n\t\t\t\t<div class=\"elementor-widget-container\">\n\t\t\t\t\t\t\t\t\t<div class=\"et_pb_module et_pb_text et_pb_text_1 et_pb_text_align_left et_pb_bg_layout_light\"><div class=\"et_pb_text_inner\"><h2>Reservierungen und Informationen<\/h2><p><strong>CASAS KAREN INFORMATIONEN &amp; BEDINGUNGEN<\/strong><\/p><p>Casas Karen befindet sich in einer ruhigen Gegend, umgeben von Natur und Gr\u00fcnfl\u00e4chen. Anschlie\u00dfend k\u00f6nnen wir uns nach Informationen \u00fcber die Umgebung und die Menschen, die in der Natur leben, erkundigen. <\/p><p><strong>FREITAG UND TAGS\u00dcBER<\/strong><\/p><p>Check-in-Zeit: Ab 16:00 Uhr (ein fr\u00fcherer Check-in ist manchmal m\u00f6glich, bitte fragen Sie im Voraus an)<br>Check-out-Zeit: Vor 11:00 Uhr. Wenn Sie l\u00e4nger bleiben m\u00f6chten und die Unterkunft verf\u00fcgbar ist, vereinbaren Sie dies bitte im Voraus mit dem B\u00fcro. In einigen F\u00e4llen kann ein zus\u00e4tzlicher halber Tag berechnet werden.  <\/p><p><strong>TRASH<\/strong><\/p><p>Bitte entsorgen Sie den M\u00fcll in den entsprechenden Containern an der Hauptstra\u00dfe in Los Ca\u00f1os. Es gibt keine M\u00fcllabfuhr an den H\u00e4usern in Los Ca\u00f1os de Meca.<br>Es wird eine zus\u00e4tzliche Geb\u00fchr von 5 \u20ac erhoben, wenn Sie den M\u00fcll am Ende Ihres Aufenthalts am Haus lassen m\u00f6chten. <\/p><p><strong>REINIGUNG<\/strong><\/p><p>Wenn am Ende Ihres Aufenthalts eine zus\u00e4tzliche Reinigung \u00fcber die zugewiesene Zeit hinaus erforderlich ist, wird Ihre Kreditkarte f\u00fcr die aufgewendete Zeit belastet.<br>1 Stunde &#8211; \u20ac18<\/p><p>Halbe Stunde &#8211; \u20ac9<\/p><p><strong>BIO-PRODUKTE<\/strong><\/p><p>Verwenden Sie nur Bio-Produkte:<br>Bio-K\u00f6rperreinigungsprodukte wie Shampoos, Seifen usw.<br>Nat\u00fcrliches M\u00fcckenschutzmittel (Citronella usw.)<br>Bio-Reinigungsmittel: Geschirrsp\u00fclmittel und Mehrzweckwaschmittel stehen Ihnen in der Unterkunft zur Verf\u00fcgung.<br>Bitte verwenden Sie keine:<br>Bleichmittel oder andere nicht biologische Reinigungsmittel.<\/p><p><strong>M\u00d6BEL UND GEGENST\u00c4NDE<\/strong><\/p><p>F\u00fcr den Fall, dass M\u00f6bel oder Gegenst\u00e4nde im Haus w\u00e4hrend Ihres Aufenthalts aufgrund von Missbrauch kaputt gehen oder erheblich abgenutzt werden, ist der Gast daf\u00fcr verantwortlich, sie zu ersetzen, f\u00fcr Ersatz zu bezahlen oder sie reparieren zu lassen und uns zu benachrichtigen.<br>Casas Karen ist nicht verantwortlich f\u00fcr das Verlangen des Kunden, die Sicherheit, die Wiederherstellung oder die Schwierigkeiten beim Umgang mit seinen Habseligkeiten in seinen Einrichtungen.<br>Casas Karen beh\u00e4lt sich das Recht vor, die Kreditkarte des Gastes f\u00fcr Sch\u00e4den, Diebstahl oder Extras zu belasten, die w\u00e4hrend seines Aufenthalts auftreten k\u00f6nnen.<\/p><p><strong>STORNIERUNGEN<\/strong><\/p><p>Alle \u00c4nderungen oder Stornierungen m\u00fcssen zus\u00e4tzlich zum Telefonanruf auch per E-Mail erfolgen.<\/p><p>Bei einer K\u00fcndigungsfrist von bis zu 30 Tagen wird die Kaution abz\u00fcglich einer Verwaltungsgeb\u00fchr von 60 \u20ac zur\u00fcckerstattet.<\/p><p>Von 29 bis 7 Tagen werden 50% der Anzahlung zur\u00fcckerstattet. (Wenn 100% gezahlt wurden, werden 75% zur\u00fcckerstattet.)<br>Weniger als 6 Tage, keine R\u00fcckerstattung. (Wenn 100% gezahlt wurden, werden 60% zur\u00fcckerstattet.)  <\/p><p>Wenn die Stornierung aufgrund von Covid-19 (Mobilit\u00e4tseinschr\u00e4nkungen, etc.) erfolgt, bietet Casas Karen:<\/p><p>1. 100% der Anzahlung werden f\u00fcr eine zuk\u00fcnftige Reservierung einbehalten, ohne Verfallsdatum.<br>2. R\u00fcckerstattung der Anzahlung abz\u00fcglich einer Verwaltungsgeb\u00fchr von 60 \u20ac.<\/p><p>Wir empfehlen Ihnen, eine Reiseversicherung abzuschlie\u00dfen, die Stornogeb\u00fchren einschlie\u00dft.<\/p><p><strong>HAUSTIERE<\/strong><\/p><p>Wenn Sie Ihr Haustier mitbringen m\u00f6chten:<\/p><p>Nur ruhige und gut erzogene Haustiere sind erlaubt.<br>\u20ac10 pro Nacht, zus\u00e4tzliche Kosten.<br>F\u00fcr mehr als ein Haustier kontaktieren Sie uns bitte vor der Buchung und wir werden Ihnen best\u00e4tigen, ob dies m\u00f6glich ist.<br>Wir m\u00fcssen es zum Zeitpunkt der Buchung wissen.<br>Klicken Sie auf das Feld &#8222;Haustier&#8220;.<br>Geben Sie die Anzahl, die Art des Haustiers und die Rasse an.<\/p><p><strong>Regeln f\u00fcr Haustierbesitzer<\/strong><\/p><p>Wir bitten Sie, Ihr Haustier mit in den Naturpark zu nehmen, damit es sich erleichtern kann, und es nicht frei laufen zu lassen, bis Sie zur\u00fcckkehren.<br>Haustiere d\u00fcrfen nicht auf die Sofas oder Betten. Bitte bringen Sie spezielle Betten und\/oder Decken f\u00fcr Ihr Haustier mit.<br>Der Eigent\u00fcmer ist verantwortlich, wenn sein Haustier Sch\u00e4den an der Unterkunft, dem Gel\u00e4nde oder an Dritten verursacht. Casas Karen lehnt daher jede Haftung ab, wenn einer der oben genannten F\u00e4lle eintritt.<br>Es wird empfohlen, eine Haustierversicherung abzuschlie\u00dfen.<br>Haustiere d\u00fcrfen nicht allein in der Unterkunft oder auf dem Gel\u00e4nde von Casas Karen gelassen werden. Bei Problemen wenden Sie sich bitte an das B\u00fcro.<br>Haustiere m\u00fcssen in angemessenen hygienischen Verh\u00e4ltnissen gehalten werden.   <\/p><p>Casas Karen beh\u00e4lt sich das Recht vor, den Aufenthalt einer Person zu beenden, die gegen die Mindeststandards der H\u00f6flichkeit und des Zusammenlebens verst\u00f6\u00dft.<\/p><\/div><\/div>\t\t\t\t\t\t\t\t<\/div>\n\t\t\t\t<\/div>\n\t\t\t\t\t<\/div>\n\t\t\t\t<\/div>\n\t\t\t\t<\/div>\n\t\t","protected":false},"excerpt":{"rendered":"<p>RESERVIERUNGSBEDINGUNGEN UND INFORMATIONEN Reservierungen und Informationen CASAS KAREN INFORMATIONEN &amp; BEDINGUNGEN Casas Karen befindet sich in einer ruhigen Gegend, umgeben [&hellip;]<\/p>\n","protected":false},"author":1,"featured_media":0,"parent":0,"menu_order":0,"comment_status":"closed","ping_status":"closed","template":"elementor_header_footer","meta":{"site-sidebar-layout":"no-sidebar","site-content-layout":"","ast-site-content-layout":"full-width-container","site-content-style":"default","site-sidebar-style":"default","ast-global-header-display":"","ast-banner-title-visibility":"","ast-main-header-display":"","ast-hfb-above-header-display":"","ast-hfb-below-header-display":"","ast-hfb-mobile-header-display":"","site-post-title":"disabled","ast-breadcrumbs-content":"","ast-featured-img":"disabled","footer-sml-layout":"","ast-disable-related-posts":"","theme-transparent-header-meta":"default","adv-header-id-meta":"","stick-header-meta":"","header-above-stick-meta":"","header-main-stick-meta":"","header-below-stick-meta":"","astra-migrate-meta-layouts":"set","ast-page-background-enabled":"default","ast-page-background-meta":{"desktop":{"background-color":"var(--ast-global-color-5)","background-image":"","background-repeat":"repeat","background-position":"center center","background-size":"auto","background-attachment":"scroll","background-type":"","background-media":"","overlay-type":"","overlay-color":"","overlay-opacity":"","overlay-gradient":""},"tablet":{"background-color":"","background-image":"","background-repeat":"repeat","background-position":"center center","background-size":"auto","background-attachment":"scroll","background-type":"","background-media":"","overlay-type":"","overlay-color":"","overlay-opacity":"","overlay-gradient":""},"mobile":{"background-color":"","background-image":"","background-repeat":"repeat","background-position":"center center","background-size":"auto","background-attachment":"scroll","background-type":"","background-media":"","overlay-type":"","overlay-color":"","overlay-opacity":"","overlay-gradient":""}},"ast-content-background-meta":{"desktop":{"background-color":"var(--ast-global-color-4)","background-image":"","background-repeat":"repeat","background-position":"center center","background-size":"auto","background-attachment":"scroll","background-type":"","background-media":"","overlay-type":"","overlay-color":"","overlay-opacity":"","overlay-gradient":""},"tablet":{"background-color":"var(--ast-global-color-4)","background-image":"","background-repeat":"repeat","background-position":"center center","background-size":"auto","background-attachment":"scroll","background-type":"","background-media":"","overlay-type":"","overlay-color":"","overlay-opacity":"","overlay-gradient":""},"mobile":{"background-color":"var(--ast-global-color-4)","background-image":"","background-repeat":"repeat","background-position":"center center","background-size":"auto","background-attachment":"scroll","background-type":"","background-media":"","overlay-type":"","overlay-color":"","overlay-opacity":"","overlay-gradient":""}},"footnotes":""},"class_list":["post-4555","page","type-page","status-publish","hentry"],"yoast_head":"<!-- This site is optimized with the Yoast SEO plugin v27.2 - https:\/\/yoast.com\/product\/yoast-seo-wordpress\/ -->\n<title>Reservierungsbedingungen und Informationen - casaskaren<\/title>\n<meta name=\"robots\" content=\"index, follow, max-snippet:-1, max-image-preview:large, max-video-preview:-1\" \/>\n<link rel=\"canonical\" href=\"https:\/\/casaskaren.com\/de\/reservierungsbedingungen-und-informationen\/\" \/>\n<meta property=\"og:locale\" content=\"de_DE\" \/>\n<meta property=\"og:type\" content=\"article\" \/>\n<meta property=\"og:title\" content=\"Reservierungsbedingungen und Informationen - casaskaren\" \/>\n<meta property=\"og:description\" content=\"RESERVIERUNGSBEDINGUNGEN UND INFORMATIONEN Reservierungen und Informationen CASAS KAREN INFORMATIONEN &amp; BEDINGUNGEN Casas Karen befindet sich in einer ruhigen Gegend, umgeben [&hellip;]\" \/>\n<meta property=\"og:url\" content=\"https:\/\/casaskaren.com\/de\/reservierungsbedingungen-und-informationen\/\" \/>\n<meta property=\"og:site_name\" content=\"casaskaren\" \/>\n<meta property=\"article:modified_time\" content=\"2025-09-18T10:42:56+00:00\" \/>\n<meta name=\"twitter:card\" content=\"summary_large_image\" \/>\n<meta name=\"twitter:label1\" content=\"Gesch\u00e4tzte Lesezeit\" \/>\n\t<meta name=\"twitter:data1\" content=\"3\u00a0Minuten\" \/>\n<script type=\"application\/ld+json\" class=\"yoast-schema-graph\">{\"@context\":\"https:\/\/schema.org\",\"@graph\":[{\"@type\":\"WebPage\",\"@id\":\"https:\/\/casaskaren.com\/de\/reservierungsbedingungen-und-informationen\/\",\"url\":\"https:\/\/casaskaren.com\/de\/reservierungsbedingungen-und-informationen\/\",\"name\":\"Reservierungsbedingungen und Informationen - casaskaren\",\"isPartOf\":{\"@id\":\"https:\/\/casaskaren.com\/de\/#website\"},\"datePublished\":\"2025-05-29T18:56:40+00:00\",\"dateModified\":\"2025-09-18T10:42:56+00:00\",\"breadcrumb\":{\"@id\":\"https:\/\/casaskaren.com\/de\/reservierungsbedingungen-und-informationen\/#breadcrumb\"},\"inLanguage\":\"de\",\"potentialAction\":[{\"@type\":\"ReadAction\",\"target\":[\"https:\/\/casaskaren.com\/de\/reservierungsbedingungen-und-informationen\/\"]}]},{\"@type\":\"BreadcrumbList\",\"@id\":\"https:\/\/casaskaren.com\/de\/reservierungsbedingungen-und-informationen\/#breadcrumb\",\"itemListElement\":[{\"@type\":\"ListItem\",\"position\":1,\"name\":\"Home\",\"item\":\"https:\/\/casaskaren.com\/de\/\"},{\"@type\":\"ListItem\",\"position\":2,\"name\":\"Reservierungsbedingungen und Informationen\"}]},{\"@type\":\"WebSite\",\"@id\":\"https:\/\/casaskaren.com\/de\/#website\",\"url\":\"https:\/\/casaskaren.com\/de\/\",\"name\":\"casaskaren\",\"description\":\"\",\"publisher\":{\"@id\":\"https:\/\/casaskaren.com\/de\/#organization\"},\"potentialAction\":[{\"@type\":\"SearchAction\",\"target\":{\"@type\":\"EntryPoint\",\"urlTemplate\":\"https:\/\/casaskaren.com\/de\/?s={search_term_string}\"},\"query-input\":{\"@type\":\"PropertyValueSpecification\",\"valueRequired\":true,\"valueName\":\"search_term_string\"}}],\"inLanguage\":\"de\"},{\"@type\":\"Organization\",\"@id\":\"https:\/\/casaskaren.com\/de\/#organization\",\"name\":\"casaskaren\",\"url\":\"https:\/\/casaskaren.com\/de\/\",\"logo\":{\"@type\":\"ImageObject\",\"inLanguage\":\"de\",\"@id\":\"https:\/\/casaskaren.com\/de\/#\/schema\/logo\/image\/\",\"url\":\"https:\/\/casaskaren.com\/wp-content\/uploads\/2025\/06\/logotipo-casas-karen.jpg\",\"contentUrl\":\"https:\/\/casaskaren.com\/wp-content\/uploads\/2025\/06\/logotipo-casas-karen.jpg\",\"width\":1332,\"height\":420,\"caption\":\"casaskaren\"},\"image\":{\"@id\":\"https:\/\/casaskaren.com\/de\/#\/schema\/logo\/image\/\"}}]}<\/script>\n<!-- \/ Yoast SEO plugin. -->","yoast_head_json":{"title":"Reservierungsbedingungen und Informationen - casaskaren","robots":{"index":"index","follow":"follow","max-snippet":"max-snippet:-1","max-image-preview":"max-image-preview:large","max-video-preview":"max-video-preview:-1"},"canonical":"https:\/\/casaskaren.com\/de\/reservierungsbedingungen-und-informationen\/","og_locale":"de_DE","og_type":"article","og_title":"Reservierungsbedingungen und Informationen - casaskaren","og_description":"RESERVIERUNGSBEDINGUNGEN UND INFORMATIONEN Reservierungen und Informationen CASAS KAREN INFORMATIONEN &amp; BEDINGUNGEN Casas Karen befindet sich in einer ruhigen Gegend, umgeben [&hellip;]","og_url":"https:\/\/casaskaren.com\/de\/reservierungsbedingungen-und-informationen\/","og_site_name":"casaskaren","article_modified_time":"2025-09-18T10:42:56+00:00","twitter_card":"summary_large_image","twitter_misc":{"Gesch\u00e4tzte Lesezeit":"3\u00a0Minuten"},"schema":{"@context":"https:\/\/schema.org","@graph":[{"@type":"WebPage","@id":"https:\/\/casaskaren.com\/de\/reservierungsbedingungen-und-informationen\/","url":"https:\/\/casaskaren.com\/de\/reservierungsbedingungen-und-informationen\/","name":"Reservierungsbedingungen und Informationen - casaskaren","isPartOf":{"@id":"https:\/\/casaskaren.com\/de\/#website"},"datePublished":"2025-05-29T18:56:40+00:00","dateModified":"2025-09-18T10:42:56+00:00","breadcrumb":{"@id":"https:\/\/casaskaren.com\/de\/reservierungsbedingungen-und-informationen\/#breadcrumb"},"inLanguage":"de","potentialAction":[{"@type":"ReadAction","target":["https:\/\/casaskaren.com\/de\/reservierungsbedingungen-und-informationen\/"]}]},{"@type":"BreadcrumbList","@id":"https:\/\/casaskaren.com\/de\/reservierungsbedingungen-und-informationen\/#breadcrumb","itemListElement":[{"@type":"ListItem","position":1,"name":"Home","item":"https:\/\/casaskaren.com\/de\/"},{"@type":"ListItem","position":2,"name":"Reservierungsbedingungen und Informationen"}]},{"@type":"WebSite","@id":"https:\/\/casaskaren.com\/de\/#website","url":"https:\/\/casaskaren.com\/de\/","name":"casaskaren","description":"","publisher":{"@id":"https:\/\/casaskaren.com\/de\/#organization"},"potentialAction":[{"@type":"SearchAction","target":{"@type":"EntryPoint","urlTemplate":"https:\/\/casaskaren.com\/de\/?s={search_term_string}"},"query-input":{"@type":"PropertyValueSpecification","valueRequired":true,"valueName":"search_term_string"}}],"inLanguage":"de"},{"@type":"Organization","@id":"https:\/\/casaskaren.com\/de\/#organization","name":"casaskaren","url":"https:\/\/casaskaren.com\/de\/","logo":{"@type":"ImageObject","inLanguage":"de","@id":"https:\/\/casaskaren.com\/de\/#\/schema\/logo\/image\/","url":"https:\/\/casaskaren.com\/wp-content\/uploads\/2025\/06\/logotipo-casas-karen.jpg","contentUrl":"https:\/\/casaskaren.com\/wp-content\/uploads\/2025\/06\/logotipo-casas-karen.jpg","width":1332,"height":420,"caption":"casaskaren"},"image":{"@id":"https:\/\/casaskaren.com\/de\/#\/schema\/logo\/image\/"}}]}},"_links":{"self":[{"href":"https:\/\/casaskaren.com\/de\/wp-json\/wp\/v2\/pages\/4555","targetHints":{"allow":["GET"]}}],"collection":[{"href":"https:\/\/casaskaren.com\/de\/wp-json\/wp\/v2\/pages"}],"about":[{"href":"https:\/\/casaskaren.com\/de\/wp-json\/wp\/v2\/types\/page"}],"author":[{"embeddable":true,"href":"https:\/\/casaskaren.com\/de\/wp-json\/wp\/v2\/users\/1"}],"replies":[{"embeddable":true,"href":"https:\/\/casaskaren.com\/de\/wp-json\/wp\/v2\/comments?post=4555"}],"version-history":[{"count":1,"href":"https:\/\/casaskaren.com\/de\/wp-json\/wp\/v2\/pages\/4555\/revisions"}],"predecessor-version":[{"id":4557,"href":"https:\/\/casaskaren.com\/de\/wp-json\/wp\/v2\/pages\/4555\/revisions\/4557"}],"wp:attachment":[{"href":"https:\/\/casaskaren.com\/de\/wp-json\/wp\/v2\/media?parent=4555"}],"curies":[{"name":"wp","href":"https:\/\/api.w.org\/{rel}","templated":true}]}}