{"id":4561,"date":"2025-05-28T09:00:13","date_gmt":"2025-05-28T09:00:13","guid":{"rendered":"https:\/\/casaskaren2.johnweb.nl\/startseite\/"},"modified":"2025-09-25T10:13:46","modified_gmt":"2025-09-25T10:13:46","slug":"startseite","status":"publish","type":"page","link":"https:\/\/casaskaren.com\/de\/","title":{"rendered":"Startseite"},"content":{"rendered":"\t\t<div data-elementor-type=\"wp-page\" data-elementor-id=\"4561\" class=\"elementor elementor-4561 elementor-10\" data-elementor-post-type=\"page\">\n\t\t\t\t<div class=\"elementor-element elementor-element-b44b6c6 e-con-full e-flex e-con e-parent\" data-id=\"b44b6c6\" data-element_type=\"container\" data-e-type=\"container\" data-settings=\"{&quot;background_background&quot;:&quot;gradient&quot;}\">\n\t\t\t\t<div class=\"elementor-element elementor-element-e6d770e elementor--h-position-center elementor--v-position-middle elementor-arrows-position-inside elementor-pagination-position-inside elementor-widget elementor-widget-slides\" data-id=\"e6d770e\" data-element_type=\"widget\" data-e-type=\"widget\" data-settings=\"{&quot;transition&quot;:&quot;fade&quot;,&quot;transition_speed&quot;:5000,&quot;navigation&quot;:&quot;both&quot;,&quot;autoplay&quot;:&quot;yes&quot;,&quot;pause_on_hover&quot;:&quot;yes&quot;,&quot;pause_on_interaction&quot;:&quot;yes&quot;,&quot;autoplay_speed&quot;:5000,&quot;infinite&quot;:&quot;yes&quot;}\" data-widget_type=\"slides.default\">\n\t\t\t\t<div class=\"elementor-widget-container\">\n\t\t\t\t\t\t\t\t\t<div class=\"elementor-swiper\">\n\t\t\t\t\t<div class=\"elementor-slides-wrapper elementor-main-swiper swiper\" role=\"region\" aria-roledescription=\"carousel\" aria-label=\"Slides\" dir=\"ltr\" data-animation=\"\">\n\t\t\t\t<div class=\"swiper-wrapper elementor-slides\">\n\t\t\t\t\t\t\t\t\t\t<div class=\"elementor-repeater-item-b15420e swiper-slide\" role=\"group\" aria-roledescription=\"slide\"><div class=\"swiper-slide-bg\" role=\"img\" aria-label=\"JBF-\"><\/div><div class=\"swiper-slide-inner\" ><div class=\"swiper-slide-contents\"><\/div><\/div><\/div><div class=\"elementor-repeater-item-e4b3e9d swiper-slide\" role=\"group\" aria-roledescription=\"slide\"><div class=\"swiper-slide-bg\" role=\"img\" aria-label=\"20241210-CASAS-KAREN-KAREN-01-154-HDR-1728x1080\"><\/div><div class=\"swiper-slide-inner\" ><div class=\"swiper-slide-contents\"><div class=\"elementor-slide-heading\">Haus Karen 1<\/div><\/div><\/div><\/div><div class=\"elementor-repeater-item-a7c7f9f swiper-slide\" role=\"group\" aria-roledescription=\"slide\"><div class=\"swiper-slide-bg\" role=\"img\" aria-label=\"20241210-CASAS-KAREN-KAREN-01-188-HDR-1728x1080\"><\/div><div class=\"swiper-slide-inner\" ><div class=\"swiper-slide-contents\"><div class=\"elementor-slide-heading\">Haus Karen 1<\/div><\/div><\/div><\/div><div class=\"elementor-repeater-item-47b80f1 swiper-slide\" role=\"group\" aria-roledescription=\"slide\"><div class=\"swiper-slide-bg\" role=\"img\" aria-label=\"JBF-\"><\/div><div class=\"swiper-slide-inner\" ><div class=\"swiper-slide-contents\"><div class=\"elementor-slide-heading\">Haus Karen 1<\/div><\/div><\/div><\/div><div class=\"elementor-repeater-item-12dcc1e swiper-slide\" role=\"group\" aria-roledescription=\"slide\"><div class=\"swiper-slide-bg\" role=\"img\" aria-label=\"20241210-CASAS-KAREN-KAREN-02-009-1728x1080\"><\/div><div class=\"swiper-slide-inner\" ><div class=\"swiper-slide-contents\"><div class=\"elementor-slide-heading\">Haus Karen 2<\/div><\/div><\/div><\/div><div class=\"elementor-repeater-item-e79a916 swiper-slide\" role=\"group\" aria-roledescription=\"slide\"><div class=\"swiper-slide-bg\" role=\"img\" aria-label=\"Web-version-20240725_CASAS-KAREN-CHOZA-GRANDE-531\"><\/div><div class=\"swiper-slide-inner\" ><div class=\"swiper-slide-contents\"><div class=\"elementor-slide-heading\">Choza Grande<\/div><\/div><\/div><\/div><div class=\"elementor-repeater-item-a7500ca swiper-slide\" role=\"group\" aria-roledescription=\"slide\"><div class=\"swiper-slide-bg\" role=\"img\" aria-label=\"20241210-CASAS-KAREN-KAREN-01-127-HDR-1620x1012\"><\/div><div class=\"swiper-slide-inner\" ><div class=\"swiper-slide-contents\"><div class=\"elementor-slide-heading\">Haus Karen 1<\/div><\/div><\/div><\/div><div class=\"elementor-repeater-item-2d418cd swiper-slide\" role=\"group\" aria-roledescription=\"slide\"><div class=\"swiper-slide-bg\" role=\"img\" aria-label=\"Web-version-20240726_CASAS-KAREN-CHOZA-PEQUENA-589\"><\/div><div class=\"swiper-slide-inner\" ><div class=\"swiper-slide-contents\"><div class=\"elementor-slide-heading\">Chozita<\/div><\/div><\/div><\/div><div class=\"elementor-repeater-item-9cee7c2 swiper-slide\" role=\"group\" aria-roledescription=\"slide\"><div class=\"swiper-slide-bg\" role=\"img\" aria-label=\"Web-version-20240726_CASAS-KAREN-CHOZA-PEQUENA-593\"><\/div><div class=\"swiper-slide-inner\" ><div class=\"swiper-slide-contents\"><div class=\"elementor-slide-heading\">Choza Peque\u00f1a<\/div><\/div><\/div><\/div><div class=\"elementor-repeater-item-b33f6e0 swiper-slide\" role=\"group\" aria-roledescription=\"slide\"><div class=\"swiper-slide-bg\" role=\"img\" aria-label=\"Webversion-20240818_CASAS-KAREN-CASA-VELA-275-1920x1200\"><\/div><div class=\"swiper-slide-inner\" ><div class=\"swiper-slide-contents\"><div class=\"elementor-slide-heading\">Casa Vela<\/div><\/div><\/div><\/div><div class=\"elementor-repeater-item-0298ec5 swiper-slide\" role=\"group\" aria-roledescription=\"slide\"><div class=\"swiper-slide-bg\" role=\"img\" aria-label=\"Web-version-20240726_CASAS-KAREN-CHOZA-PEQUENA-588\"><\/div><div class=\"swiper-slide-inner\" ><div class=\"swiper-slide-contents\"><div class=\"elementor-slide-heading\">Chozita<\/div><\/div><\/div><\/div><div class=\"elementor-repeater-item-77c58b8 swiper-slide\" role=\"group\" aria-roledescription=\"slide\"><div class=\"swiper-slide-bg\" role=\"img\" aria-label=\"Web-version-20240725_CASAS-KAREN-SURROUNDINGS-AND-DETAILS-585-1920x1200\"><\/div><div class=\"swiper-slide-inner\" ><div class=\"swiper-slide-contents\"><div class=\"elementor-slide-heading\">Chozita &amp; Choza Peque\u00f1a<\/div><\/div><\/div><\/div><div class=\"elementor-repeater-item-424aee9 swiper-slide\" role=\"group\" aria-roledescription=\"slide\"><div class=\"swiper-slide-bg\" role=\"img\" aria-label=\"WhatsApp-Image-2024-12-10-at-14.14.13_42422354-1440x900\"><\/div><div class=\"swiper-slide-inner\" ><div class=\"swiper-slide-contents\"><div class=\"elementor-slide-heading\">Choza Peque\u00f1a<\/div><\/div><\/div><\/div><div class=\"elementor-repeater-item-91ffb1a swiper-slide\" role=\"group\" aria-roledescription=\"slide\"><div class=\"swiper-slide-bg\" role=\"img\" aria-label=\"Webversion-20240818_CASAS-KAREN-CASA-VELA-314-1920x1200\"><\/div><div class=\"swiper-slide-inner\" ><div class=\"swiper-slide-contents\"><div class=\"elementor-slide-heading\">Casa Vela<\/div><\/div><\/div><\/div><div class=\"elementor-repeater-item-7b5ea7c swiper-slide\" role=\"group\" aria-roledescription=\"slide\"><div class=\"swiper-slide-bg\" role=\"img\" aria-label=\"Webversion-20240818_CASAS-KAREN-CASA-VELA-331-1920x1200\"><\/div><div class=\"swiper-slide-inner\" ><div class=\"swiper-slide-contents\"><div class=\"elementor-slide-heading\">Casa Vela<\/div><\/div><\/div><\/div><div class=\"elementor-repeater-item-1ec88ff swiper-slide\" role=\"group\" aria-roledescription=\"slide\"><div class=\"swiper-slide-bg\" role=\"img\" aria-label=\"Webversion-20240818_CASAS-KAREN-CASA-VELA-268-1920x1200\"><\/div><div class=\"swiper-slide-inner\" ><div class=\"swiper-slide-contents\"><div class=\"elementor-slide-heading\">Casa Vela<\/div><\/div><\/div><\/div><div class=\"elementor-repeater-item-4f334de swiper-slide\" role=\"group\" aria-roledescription=\"slide\"><div class=\"swiper-slide-bg\" role=\"img\" aria-label=\"Webversion-20240818_CASAS-KAREN-CASA-VELA-281-1920x1200 (1)\"><\/div><div class=\"swiper-slide-inner\" ><div class=\"swiper-slide-contents\"><div class=\"elementor-slide-heading\">Casa Vela<\/div><\/div><\/div><\/div>\t\t\t\t<\/div>\n\t\t\t\t\t\t\t\t\t\t\t\t\t\t\t<div class=\"elementor-swiper-button elementor-swiper-button-prev\" role=\"button\" tabindex=\"0\" aria-label=\"Vorheriger Slide\">\n\t\t\t\t\t\t\t<svg aria-hidden=\"true\" class=\"e-font-icon-svg e-eicon-chevron-left\" viewBox=\"0 0 1000 1000\" xmlns=\"http:\/\/www.w3.org\/2000\/svg\"><path d=\"M646 125C629 125 613 133 604 142L308 442C296 454 292 471 292 487 292 504 296 521 308 533L604 854C617 867 629 875 646 875 663 875 679 871 692 858 704 846 713 829 713 812 713 796 708 779 692 767L438 487 692 225C700 217 708 204 708 187 708 171 704 154 692 142 675 129 663 125 646 125Z\"><\/path><\/svg>\t\t\t\t\t\t<\/div>\n\t\t\t\t\t\t<div class=\"elementor-swiper-button elementor-swiper-button-next\" role=\"button\" tabindex=\"0\" aria-label=\"N\u00e4chster Slide\">\n\t\t\t\t\t\t\t<svg aria-hidden=\"true\" class=\"e-font-icon-svg e-eicon-chevron-right\" viewBox=\"0 0 1000 1000\" xmlns=\"http:\/\/www.w3.org\/2000\/svg\"><path d=\"M696 533C708 521 713 504 713 487 713 471 708 454 696 446L400 146C388 133 375 125 354 125 338 125 325 129 313 142 300 154 292 171 292 187 292 204 296 221 308 233L563 492 304 771C292 783 288 800 288 817 288 833 296 850 308 863 321 871 338 875 354 875 371 875 388 867 400 854L696 533Z\"><\/path><\/svg>\t\t\t\t\t\t<\/div>\n\t\t\t\t\t\t\t\t\t\t\t\t\t\t\t\t<div class=\"swiper-pagination\"><\/div>\n\t\t\t\t\t\t\t\t\t\t\t\t<\/div>\n\t\t\t\t<\/div>\n\t\t\t\t\t\t\t\t<\/div>\n\t\t\t\t<\/div>\n\t\t\t\t<\/div>\n\t\t<div class=\"elementor-element elementor-element-f16621f e-flex e-con-boxed e-con e-parent\" data-id=\"f16621f\" data-element_type=\"container\" data-e-type=\"container\">\n\t\t\t\t\t<div class=\"e-con-inner\">\n\t\t\t\t<div class=\"elementor-element elementor-element-78af788 elementor-widget elementor-widget-heading\" data-id=\"78af788\" data-element_type=\"widget\" data-e-type=\"widget\" data-widget_type=\"heading.default\">\n\t\t\t\t<div class=\"elementor-widget-container\">\n\t\t\t\t\t<h2 class=\"elementor-heading-title elementor-size-default\">WILLKOMMEN BEI CASAS KAREN<\/h2>\t\t\t\t<\/div>\n\t\t\t\t<\/div>\n\t\t\t\t<div class=\"elementor-element elementor-element-3026db6 elementor-widget elementor-widget-text-editor\" data-id=\"3026db6\" data-element_type=\"widget\" data-e-type=\"widget\" data-widget_type=\"text-editor.default\">\n\t\t\t\t<div class=\"elementor-widget-container\">\n\t\t\t\t\t\t\t\t\t<p>Casas Karen ist ein <strong>einzigartiges, umweltfreundliches Feriendomizil<\/strong> an einem der sch\u00f6nsten und weniger bekannten K\u00fcstenabschnitte Spaniens: der <strong>Costa de la Luz<\/strong>, die nach ihrem au\u00dfergew\u00f6hnlichen Licht benannt ist. Wir befinden uns in dem kleinen Strandort <strong>Los Ca\u00f1os de Meca<\/strong>, direkt an dem Ort, an dem 1805 die Schlacht von Trafalgar stattfand. <\/p><p>Casas Karen ist eine Hommage an das Leben an der Costa de la Luz, lange bevor die Touristen kamen. Es handelt sich um eine Sammlung von Chozas (traditionelle, strohgedeckte Strohh\u00e4user), die im achtzehnten Jahrhundert typisch f\u00fcr die Region waren, sowie um umgebaute Bauernh\u00e4user und verstreut in unseren ungez\u00e4hmten, einheimischen G\u00e4rten.<\/p>\t\t\t\t\t\t\t\t<\/div>\n\t\t\t\t<\/div>\n\t\t\t\t<div class=\"elementor-element elementor-element-6420c8b elementor-widget-divider--view-line_icon elementor-view-default elementor-widget-divider--element-align-center elementor-widget elementor-widget-divider\" data-id=\"6420c8b\" data-element_type=\"widget\" data-e-type=\"widget\" data-widget_type=\"divider.default\">\n\t\t\t\t<div class=\"elementor-widget-container\">\n\t\t\t\t\t\t\t<div class=\"elementor-divider\">\n\t\t\t<span class=\"elementor-divider-separator\">\n\t\t\t\t\t\t\t<div class=\"elementor-icon elementor-divider__element\">\n\t\t\t\t\t<svg aria-hidden=\"true\" class=\"e-font-icon-svg e-fas-star\" viewBox=\"0 0 576 512\" xmlns=\"http:\/\/www.w3.org\/2000\/svg\"><path d=\"M259.3 17.8L194 150.2 47.9 171.5c-26.2 3.8-36.7 36.1-17.7 54.6l105.7 103-25 145.5c-4.5 26.3 23.2 46 46.4 33.7L288 439.6l130.7 68.7c23.2 12.2 50.9-7.4 46.4-33.7l-25-145.5 105.7-103c19-18.5 8.5-50.8-17.7-54.6L382 150.2 316.7 17.8c-11.7-23.6-45.6-23.9-57.4 0z\"><\/path><\/svg><\/div>\n\t\t\t\t\t\t<\/span>\n\t\t<\/div>\n\t\t\t\t\t\t<\/div>\n\t\t\t\t<\/div>\n\t\t\t\t<div class=\"elementor-element elementor-element-49d50d3 elementor-widget elementor-widget-text-editor\" data-id=\"49d50d3\" data-element_type=\"widget\" data-e-type=\"widget\" data-widget_type=\"text-editor.default\">\n\t\t\t\t<div class=\"elementor-widget-container\">\n\t\t\t\t\t\t\t\t\t<div class=\"et_pb_testimonial_description_inner\"><div class=\"et_pb_testimonial_content\"><div class=\"et_pb_testimonial_description_inner\"><div class=\"et_pb_testimonial_content\"><p>\u201eGelangen Sie in der Tretm\u00fchle? Sehnen Sie sich danach, die Fesseln der Konformit\u00e4t abzuwerfen? Holen Sie das Batik-Shirt heraus und steuern Sie einen unserer alternativen Hotspots an.\u201c<\/p><\/div><\/div><p><span class=\"et_pb_testimonial_author\">Sarah Turner und Alison Tyler &#8211; The Guardian<\/span><\/p><\/div><\/div>\t\t\t\t\t\t\t\t<\/div>\n\t\t\t\t<\/div>\n\t\t\t\t<div class=\"elementor-element elementor-element-86bcb28 elementor-widget-divider--view-line elementor-widget elementor-widget-divider\" data-id=\"86bcb28\" data-element_type=\"widget\" data-e-type=\"widget\" data-widget_type=\"divider.default\">\n\t\t\t\t<div class=\"elementor-widget-container\">\n\t\t\t\t\t\t\t<div class=\"elementor-divider\">\n\t\t\t<span class=\"elementor-divider-separator\">\n\t\t\t\t\t\t<\/span>\n\t\t<\/div>\n\t\t\t\t\t\t<\/div>\n\t\t\t\t<\/div>\n\t\t\t\t<div class=\"elementor-element elementor-element-713644b elementor-widget elementor-widget-text-editor\" data-id=\"713644b\" data-element_type=\"widget\" data-e-type=\"widget\" data-widget_type=\"text-editor.default\">\n\t\t\t\t<div class=\"elementor-widget-container\">\n\t\t\t\t\t\t\t\t\t<p>Wir hoffen, dass Sie hier einen Ort finden, an dem Sie sich ausruhen, erholen und auftanken k\u00f6nnen und einen Eindruck von der wahren Costa de la Luz bekommen.<\/p>\t\t\t\t\t\t\t\t<\/div>\n\t\t\t\t<\/div>\n\t\t<div class=\"elementor-element elementor-element-6fd8ff2 e-con-full e-flex e-con e-child\" data-id=\"6fd8ff2\" data-element_type=\"container\" data-e-type=\"container\" data-settings=\"{&quot;background_background&quot;:&quot;classic&quot;}\">\n\t\t\t\t<div class=\"elementor-element elementor-element-3e7a0b9 elementor-widget__width-initial elementor-widget elementor-widget-heading\" data-id=\"3e7a0b9\" data-element_type=\"widget\" data-e-type=\"widget\" data-widget_type=\"heading.default\">\n\t\t\t\t<div class=\"elementor-widget-container\">\n\t\t\t\t\t<h2 class=\"elementor-heading-title elementor-size-default\">BUCHUNGEN ONLINE<\/h2>\t\t\t\t<\/div>\n\t\t\t\t<\/div>\n\t\t\t\t<div class=\"elementor-element elementor-element-369dbd6 elementor-align-right elementor-widget__width-initial elementor-mobile-align-center elementor-widget elementor-widget-button\" data-id=\"369dbd6\" data-element_type=\"widget\" data-e-type=\"widget\" data-widget_type=\"button.default\">\n\t\t\t\t<div class=\"elementor-widget-container\">\n\t\t\t\t\t\t\t\t\t<div class=\"elementor-button-wrapper\">\n\t\t\t\t\t<a class=\"elementor-button elementor-button-link elementor-size-sm\" href=\"https:\/\/direct-book.com\/properties\/casaskarenloscanosdirect\">\n\t\t\t\t\t\t<span class=\"elementor-button-content-wrapper\">\n\t\t\t\t\t\t<span class=\"elementor-button-icon\">\n\t\t\t\t<svg aria-hidden=\"true\" class=\"e-font-icon-svg e-fas-angle-right\" viewBox=\"0 0 256 512\" xmlns=\"http:\/\/www.w3.org\/2000\/svg\"><path d=\"M224.3 273l-136 136c-9.4 9.4-24.6 9.4-33.9 0l-22.6-22.6c-9.4-9.4-9.4-24.6 0-33.9l96.4-96.4-96.4-96.4c-9.4-9.4-9.4-24.6 0-33.9L54.3 103c9.4-9.4 24.6-9.4 33.9 0l136 136c9.5 9.4 9.5 24.6.1 34z\"><\/path><\/svg>\t\t\t<\/span>\n\t\t\t\t\t\t\t\t\t<span class=\"elementor-button-text\">Siehe Verf\u00fcgbarkeit<\/span>\n\t\t\t\t\t<\/span>\n\t\t\t\t\t<\/a>\n\t\t\t\t<\/div>\n\t\t\t\t\t\t\t\t<\/div>\n\t\t\t\t<\/div>\n\t\t\t\t<\/div>\n\t\t\t\t<div class=\"elementor-element elementor-element-6aa60ca elementor-widget elementor-widget-html\" data-id=\"6aa60ca\" data-element_type=\"widget\" data-e-type=\"widget\" data-widget_type=\"html.default\">\n\t\t\t\t<div class=\"elementor-widget-container\">\n\t\t\t\t\t<div style=\"padding:56.25% 0 0 0;position:relative;\"><iframe src=\"https:\/\/player.vimeo.com\/video\/1039595621?title=0&amp;byline=0&amp;portrait=0&amp;badge=0&amp;autopause=0&amp;player_id=0&amp;app_id=58479\" frameborder=\"0\" allow=\"autoplay; fullscreen; picture-in-picture; clipboard-write; encrypted-media\" style=\"position:absolute;top:0;left:0;width:100%;height:100%;\" title=\"CASAS KAREN - Los Ca\u00f1os de Meca\"><\/iframe><\/div><script src=\"https:\/\/player.vimeo.com\/api\/player.js\"><\/script>\t\t\t\t<\/div>\n\t\t\t\t<\/div>\n\t\t\t\t\t<\/div>\n\t\t\t\t<\/div>\n\t\t\t\t<\/div>\n\t\t","protected":false},"excerpt":{"rendered":"<p>Haus Karen 1Haus Karen 1Haus Karen 1Haus Karen 2Choza GrandeHaus Karen 1ChozitaChoza Peque\u00f1aCasa VelaChozitaChozita &amp; Choza Peque\u00f1aChoza Peque\u00f1aCasa VelaCasa VelaCasa [&hellip;]<\/p>\n","protected":false},"author":1,"featured_media":0,"parent":0,"menu_order":0,"comment_status":"closed","ping_status":"closed","template":"elementor_header_footer","meta":{"site-sidebar-layout":"no-sidebar","site-content-layout":"","ast-site-content-layout":"full-width-container","site-content-style":"default","site-sidebar-style":"default","ast-global-header-display":"","ast-banner-title-visibility":"","ast-main-header-display":"","ast-hfb-above-header-display":"","ast-hfb-below-header-display":"","ast-hfb-mobile-header-display":"","site-post-title":"disabled","ast-breadcrumbs-content":"","ast-featured-img":"disabled","footer-sml-layout":"","ast-disable-related-posts":"","theme-transparent-header-meta":"default","adv-header-id-meta":"","stick-header-meta":"","header-above-stick-meta":"","header-main-stick-meta":"","header-below-stick-meta":"","astra-migrate-meta-layouts":"default","ast-page-background-enabled":"default","ast-page-background-meta":{"desktop":{"background-color":"var(--ast-global-color-5)","background-image":"","background-repeat":"repeat","background-position":"center center","background-size":"auto","background-attachment":"scroll","background-type":"","background-media":"","overlay-type":"","overlay-color":"","overlay-opacity":"","overlay-gradient":""},"tablet":{"background-color":"","background-image":"","background-repeat":"repeat","background-position":"center center","background-size":"auto","background-attachment":"scroll","background-type":"","background-media":"","overlay-type":"","overlay-color":"","overlay-opacity":"","overlay-gradient":""},"mobile":{"background-color":"","background-image":"","background-repeat":"repeat","background-position":"center center","background-size":"auto","background-attachment":"scroll","background-type":"","background-media":"","overlay-type":"","overlay-color":"","overlay-opacity":"","overlay-gradient":""}},"ast-content-background-meta":{"desktop":{"background-color":"var(--ast-global-color-4)","background-image":"","background-repeat":"repeat","background-position":"center center","background-size":"auto","background-attachment":"scroll","background-type":"","background-media":"","overlay-type":"","overlay-color":"","overlay-opacity":"","overlay-gradient":""},"tablet":{"background-color":"var(--ast-global-color-4)","background-image":"","background-repeat":"repeat","background-position":"center center","background-size":"auto","background-attachment":"scroll","background-type":"","background-media":"","overlay-type":"","overlay-color":"","overlay-opacity":"","overlay-gradient":""},"mobile":{"background-color":"var(--ast-global-color-4)","background-image":"","background-repeat":"repeat","background-position":"center center","background-size":"auto","background-attachment":"scroll","background-type":"","background-media":"","overlay-type":"","overlay-color":"","overlay-opacity":"","overlay-gradient":""}},"footnotes":""},"class_list":["post-4561","page","type-page","status-publish","hentry"],"yoast_head":"<!-- This site is optimized with the Yoast SEO plugin v27.2 - https:\/\/yoast.com\/product\/yoast-seo-wordpress\/ -->\n<title>Startseite - casaskaren<\/title>\n<meta name=\"robots\" content=\"index, follow, max-snippet:-1, max-image-preview:large, max-video-preview:-1\" \/>\n<link rel=\"canonical\" href=\"https:\/\/casaskaren.com\/de\/\" \/>\n<meta property=\"og:locale\" content=\"de_DE\" \/>\n<meta property=\"og:type\" content=\"article\" \/>\n<meta property=\"og:title\" content=\"Startseite - casaskaren\" \/>\n<meta property=\"og:description\" content=\"Haus Karen 1Haus Karen 1Haus Karen 1Haus Karen 2Choza GrandeHaus Karen 1ChozitaChoza Peque\u00f1aCasa VelaChozitaChozita &amp; Choza Peque\u00f1aChoza Peque\u00f1aCasa VelaCasa VelaCasa [&hellip;]\" \/>\n<meta property=\"og:url\" content=\"https:\/\/casaskaren.com\/de\/\" \/>\n<meta property=\"og:site_name\" content=\"casaskaren\" \/>\n<meta property=\"article:modified_time\" content=\"2025-09-25T10:13:46+00:00\" \/>\n<meta name=\"twitter:card\" content=\"summary_large_image\" \/>\n<meta name=\"twitter:label1\" content=\"Gesch\u00e4tzte Lesezeit\" \/>\n\t<meta name=\"twitter:data1\" content=\"2\u00a0Minuten\" \/>\n<script type=\"application\/ld+json\" class=\"yoast-schema-graph\">{\"@context\":\"https:\/\/schema.org\",\"@graph\":[{\"@type\":\"WebPage\",\"@id\":\"https:\/\/casaskaren.com\/de\/\",\"url\":\"https:\/\/casaskaren.com\/de\/\",\"name\":\"Startseite - casaskaren\",\"isPartOf\":{\"@id\":\"https:\/\/casaskaren.com\/de\/#website\"},\"datePublished\":\"2025-05-28T09:00:13+00:00\",\"dateModified\":\"2025-09-25T10:13:46+00:00\",\"breadcrumb\":{\"@id\":\"https:\/\/casaskaren.com\/de\/#breadcrumb\"},\"inLanguage\":\"de\",\"potentialAction\":[{\"@type\":\"ReadAction\",\"target\":[\"https:\/\/casaskaren.com\/de\/\"]}]},{\"@type\":\"BreadcrumbList\",\"@id\":\"https:\/\/casaskaren.com\/de\/#breadcrumb\",\"itemListElement\":[{\"@type\":\"ListItem\",\"position\":1,\"name\":\"Home\",\"item\":\"https:\/\/casaskaren.com\/de\/\"},{\"@type\":\"ListItem\",\"position\":2,\"name\":\"Startseite\"}]},{\"@type\":\"WebSite\",\"@id\":\"https:\/\/casaskaren.com\/de\/#website\",\"url\":\"https:\/\/casaskaren.com\/de\/\",\"name\":\"casaskaren\",\"description\":\"\",\"publisher\":{\"@id\":\"https:\/\/casaskaren.com\/de\/#organization\"},\"potentialAction\":[{\"@type\":\"SearchAction\",\"target\":{\"@type\":\"EntryPoint\",\"urlTemplate\":\"https:\/\/casaskaren.com\/de\/?s={search_term_string}\"},\"query-input\":{\"@type\":\"PropertyValueSpecification\",\"valueRequired\":true,\"valueName\":\"search_term_string\"}}],\"inLanguage\":\"de\"},{\"@type\":\"Organization\",\"@id\":\"https:\/\/casaskaren.com\/de\/#organization\",\"name\":\"casaskaren\",\"url\":\"https:\/\/casaskaren.com\/de\/\",\"logo\":{\"@type\":\"ImageObject\",\"inLanguage\":\"de\",\"@id\":\"https:\/\/casaskaren.com\/de\/#\/schema\/logo\/image\/\",\"url\":\"https:\/\/casaskaren.com\/wp-content\/uploads\/2025\/06\/logotipo-casas-karen.jpg\",\"contentUrl\":\"https:\/\/casaskaren.com\/wp-content\/uploads\/2025\/06\/logotipo-casas-karen.jpg\",\"width\":1332,\"height\":420,\"caption\":\"casaskaren\"},\"image\":{\"@id\":\"https:\/\/casaskaren.com\/de\/#\/schema\/logo\/image\/\"}}]}<\/script>\n<!-- \/ Yoast SEO plugin. -->","yoast_head_json":{"title":"Startseite - casaskaren","robots":{"index":"index","follow":"follow","max-snippet":"max-snippet:-1","max-image-preview":"max-image-preview:large","max-video-preview":"max-video-preview:-1"},"canonical":"https:\/\/casaskaren.com\/de\/","og_locale":"de_DE","og_type":"article","og_title":"Startseite - casaskaren","og_description":"Haus Karen 1Haus Karen 1Haus Karen 1Haus Karen 2Choza GrandeHaus Karen 1ChozitaChoza Peque\u00f1aCasa VelaChozitaChozita &amp; Choza Peque\u00f1aChoza Peque\u00f1aCasa VelaCasa VelaCasa [&hellip;]","og_url":"https:\/\/casaskaren.com\/de\/","og_site_name":"casaskaren","article_modified_time":"2025-09-25T10:13:46+00:00","twitter_card":"summary_large_image","twitter_misc":{"Gesch\u00e4tzte Lesezeit":"2\u00a0Minuten"},"schema":{"@context":"https:\/\/schema.org","@graph":[{"@type":"WebPage","@id":"https:\/\/casaskaren.com\/de\/","url":"https:\/\/casaskaren.com\/de\/","name":"Startseite - casaskaren","isPartOf":{"@id":"https:\/\/casaskaren.com\/de\/#website"},"datePublished":"2025-05-28T09:00:13+00:00","dateModified":"2025-09-25T10:13:46+00:00","breadcrumb":{"@id":"https:\/\/casaskaren.com\/de\/#breadcrumb"},"inLanguage":"de","potentialAction":[{"@type":"ReadAction","target":["https:\/\/casaskaren.com\/de\/"]}]},{"@type":"BreadcrumbList","@id":"https:\/\/casaskaren.com\/de\/#breadcrumb","itemListElement":[{"@type":"ListItem","position":1,"name":"Home","item":"https:\/\/casaskaren.com\/de\/"},{"@type":"ListItem","position":2,"name":"Startseite"}]},{"@type":"WebSite","@id":"https:\/\/casaskaren.com\/de\/#website","url":"https:\/\/casaskaren.com\/de\/","name":"casaskaren","description":"","publisher":{"@id":"https:\/\/casaskaren.com\/de\/#organization"},"potentialAction":[{"@type":"SearchAction","target":{"@type":"EntryPoint","urlTemplate":"https:\/\/casaskaren.com\/de\/?s={search_term_string}"},"query-input":{"@type":"PropertyValueSpecification","valueRequired":true,"valueName":"search_term_string"}}],"inLanguage":"de"},{"@type":"Organization","@id":"https:\/\/casaskaren.com\/de\/#organization","name":"casaskaren","url":"https:\/\/casaskaren.com\/de\/","logo":{"@type":"ImageObject","inLanguage":"de","@id":"https:\/\/casaskaren.com\/de\/#\/schema\/logo\/image\/","url":"https:\/\/casaskaren.com\/wp-content\/uploads\/2025\/06\/logotipo-casas-karen.jpg","contentUrl":"https:\/\/casaskaren.com\/wp-content\/uploads\/2025\/06\/logotipo-casas-karen.jpg","width":1332,"height":420,"caption":"casaskaren"},"image":{"@id":"https:\/\/casaskaren.com\/de\/#\/schema\/logo\/image\/"}}]}},"_links":{"self":[{"href":"https:\/\/casaskaren.com\/de\/wp-json\/wp\/v2\/pages\/4561","targetHints":{"allow":["GET"]}}],"collection":[{"href":"https:\/\/casaskaren.com\/de\/wp-json\/wp\/v2\/pages"}],"about":[{"href":"https:\/\/casaskaren.com\/de\/wp-json\/wp\/v2\/types\/page"}],"author":[{"embeddable":true,"href":"https:\/\/casaskaren.com\/de\/wp-json\/wp\/v2\/users\/1"}],"replies":[{"embeddable":true,"href":"https:\/\/casaskaren.com\/de\/wp-json\/wp\/v2\/comments?post=4561"}],"version-history":[{"count":4,"href":"https:\/\/casaskaren.com\/de\/wp-json\/wp\/v2\/pages\/4561\/revisions"}],"predecessor-version":[{"id":5038,"href":"https:\/\/casaskaren.com\/de\/wp-json\/wp\/v2\/pages\/4561\/revisions\/5038"}],"wp:attachment":[{"href":"https:\/\/casaskaren.com\/de\/wp-json\/wp\/v2\/media?parent=4561"}],"curies":[{"name":"wp","href":"https:\/\/api.w.org\/{rel}","templated":true}]}}