{"id":3797,"date":"2025-05-29T18:52:20","date_gmt":"2025-05-29T18:52:20","guid":{"rendered":"https:\/\/casaskaren2.johnweb.nl\/aviso-legal\/"},"modified":"2025-07-21T15:11:11","modified_gmt":"2025-07-21T15:11:11","slug":"aviso-legal","status":"publish","type":"page","link":"https:\/\/casaskaren.com\/es\/aviso-legal\/","title":{"rendered":"Aviso legal"},"content":{"rendered":"\t\t<div data-elementor-type=\"wp-page\" data-elementor-id=\"3797\" class=\"elementor elementor-3797 elementor-14\" data-elementor-post-type=\"page\">\n\t\t\t\t<div class=\"elementor-element elementor-element-942bcc9 e-flex e-con-boxed e-con e-parent\" data-id=\"942bcc9\" data-element_type=\"container\" data-e-type=\"container\">\n\t\t\t\t\t<div class=\"e-con-inner\">\n\t\t\t\t<div class=\"elementor-element elementor-element-cb21c75 elementor-widget elementor-widget-heading\" data-id=\"cb21c75\" data-element_type=\"widget\" data-e-type=\"widget\" data-widget_type=\"heading.default\">\n\t\t\t\t<div class=\"elementor-widget-container\">\n\t\t\t\t\t<h2 class=\"elementor-heading-title elementor-size-default\">AVISO LEGAL<\/h2>\t\t\t\t<\/div>\n\t\t\t\t<\/div>\n\t\t\t\t<div class=\"elementor-element elementor-element-c76d487 elementor-widget elementor-widget-text-editor\" data-id=\"c76d487\" data-element_type=\"widget\" data-e-type=\"widget\" data-widget_type=\"text-editor.default\">\n\t\t\t\t<div class=\"elementor-widget-container\">\n\t\t\t\t\t\t\t\t\t<h1>Aviso Legal &#8211; LSSI &#8211; RGPD<\/h1><h2>Condiciones generales de utilizaci\u00f3n de esta p\u00e1gina web:<\/h2><p>El presente aviso legal recoge las condiciones generales que rigen el acceso y el uso de este sitio web, en adelante \u00abel sitio web\u00bb.<\/p><p>El uso del sitio web implica la expresa y plena aceptaci\u00f3n de estas condiciones generales en la versi\u00f3n publicada en el momento en que el usuario acceda al mismo, sin perjuicio de las condiciones particulares que pudieran aplicarse a algunos de los servicios concretos del sitio web.<\/p><h3>Ley de Servicios de la Sociedad de la Informaci\u00f3n y del Comercio Electr\u00f3nico (LSSI)<\/h3><p>El propietario de esta P\u00e1gina Web, pone a disposici\u00f3n de los visitantes de la mencionada, una serie de datos que seg\u00fan la Ley 34\/2002 del 11 de julio. &#8211; LSSICE de \u00abServicios de la Sociedad y la Informaci\u00f3n de Comercio Electr\u00f3nico\u00bb, son de obligada disposici\u00f3n tanto a los destinatarios del servicio como a los \u00f3rganos competentes: <\/p><dl><dt>Nombre Fiscal<\/dt><dd>KAREN ABRAHAMS<\/dd><dt>CIF, NIF o NIE<\/dt><dd>55411936Z<\/dd><dt>Domicilio<\/dt><dd>CAMINO DEL MONTE 6<\/dd><dt>C\u00f3digo postal<\/dt><dd>11159<\/dd><dt>Poblaci\u00f3n<\/dt><dd>LOS CA\u00d1OS DE MECA<\/dd><dt>Tel\u00e9fono<\/dt><dd>956 437 067<\/dd><dt>Correo electr\u00f3nico<\/dt><dd><a href=\"mailto:info@casaskaren.com\">info@casaskaren.com<\/a><\/dd><\/dl><h3>Propiedad intelectual e industrial sobre los contenidos de la p\u00e1gina.<\/h3><p>Todos los elementos que forman el sitio web, as\u00ed como la estructura, dise\u00f1o y c\u00f3digo fuente de la misma, son titularidad del autor citado y est\u00e1n protegidos por la normativa de propiedad intelectual e industrial. Las fotograf\u00edas alojadas en esta web corresponden en su total propiedad a los autores citados junto a ellas. <\/p><p>No se podr\u00e1n realizar actos de reproducci\u00f3n, modificaci\u00f3n, distribuci\u00f3n o comunicaci\u00f3n p\u00fablica del sitio web o alguno de sus elementos sin el previo consentimiento de esta web.<\/p><p>Los usuarios del sitio web \u00fanicamente podr\u00e1n realizar un uso privado y personal de los contenidos de \u00e9ste.<\/p><p>Est\u00e1 absolutamente prohibido, el uso del sitio web o de alguno de sus elementos con fines comerciales o il\u00edcitos.<\/p><p>Esta web no asumir\u00e1 ninguna responsabilidad derivada del uso por terceros del contenido del sitio web y podr\u00e1 ejercitar todas las acciones civiles o penales que le correspondan en caso de infracci\u00f3n de estos derechos por parte del usuario.<\/p><h3>RGPD y normativa espa\u00f1ola concordante.<\/h3><p>Los datos de car\u00e1cter personal que nos proporciones ser\u00e1n tratados por KAREN ABRAHAMS, como Responsable de Tratamiento. La finalidad de la recogida y tratamiento de los datos es prestarle el servicio que nos encomienda, y responder a la mayor brevedad posible a sus preguntas, para lo que estamos legitimados en base a su consentimiento. No realizaremos an\u00e1lisis de perfiles ni cederemos la informaci\u00f3n salvo por obligaci\u00f3n legal.  <\/p><p>Los datos que nos facilites quedar\u00e1n ubicados en nuestros archivos y\/o servidores. Podr\u00e1s acceder, rectificar, limitar y suprimirlos poni\u00e9ndote en contacto con <a href=\"mailto:info@casaskaren.com\">info@casaskaren.com.<\/a> Tambi\u00e9n tiene derecho a presentar una reclamaci\u00f3n ante la Agencia Espa\u00f1ola de Protecci\u00f3n de datos en: <a href=\"http:\/\/www.agpd.es\/\" target=\"_blank\" rel=\"noopener\">www.agpd.es.<\/a>  <\/p><h4>Informaci\u00f3n adicional &#8211; Reglamento General de Protecci\u00f3n de Datos 2016\/679<\/h4><h5>Responsable<\/h5><ul class=\"datos_contacto\"><li>Identidad: KAREN ABRAHAMS<\/li><li>Correo electr\u00f3nico: <a href=\"mailto:info@casaskaren.com\">info@casaskaren.com<\/a><\/li><\/ul><h5>Finalidad<\/h5><p>Actividad principal: Alquiler Apartamentos Tur\u00edsticos<br>La informaci\u00f3n aportada al formulario, se entiende comunicada de modo veraz por parte del usuario de la web y s\u00f3lo ser\u00e1 recabada la adecuada, pertinente y no excesiva para atenderle como cliente y prestarle de forma correcta los servicios contratados, pero tambi\u00e9n en caso de contar con su consentimiento expreso, para gestionar lista de suscripciones, seguimientos, enviar boletines, promociones y ofertas especiales. Igualmente, para moderar y responder a comentarios de los usuarios de la web.<br>No ser\u00e1 utilizada para cumplir finalidades incompatibles con aquellas para las que nos la ha proporcionado. Si fuese a ser utilizada para una finalidad incompatible, se le proporcionar\u00e1 informaci\u00f3n, adem\u00e1s de solicitarle su consentimiento para ello.  <br>No utilizaremos sus datos personales con la finalidad de tomar decisiones, basadas exclusivamente en el tratamiento automatizado de sus datos, que puedan producir alg\u00fan efecto jur\u00eddico, salvo que sea necesario para celebrar un contrato, lo consienta expl\u00edcitamente o lo autorice la Ley.<br>Le garantizamos que respetamos las condiciones de uso establecidas legalmente y podremos desarrollar herramientas y algoritmos que ayuden a la web a garantizar la confidencialidad de los datos que recoge.<br>Los datos personales se recopilan habitualmente por diversas v\u00edas en formato papel o electr\u00f3nico. Para el caso de que cont\u00e1ramos con informaci\u00f3n que pudiera provenir de terceras personas, le informaremos en la primera comunicaci\u00f3n o en un mes de plazo m\u00e1ximo.<br>Con el fin de poder ofrecerle productos y servicios de acuerdo con sus intereses podremos elaborar un perfil comercial, con base en dicha informaci\u00f3n. <\/p><h5>Legitimaci\u00f3n<\/h5><p>Consentimiento del Interesado:<br>Ejecuci\u00f3n de un Contrato: Contrato laboral<br>Cumplimiento de una Obligaci\u00f3n legal: Cualesquiera derivadas de la ejecuci\u00f3n del contrato, en su caso Inter\u00e9s P\u00fablico o ejercicio de Poderes P\u00fablicos:<br>Inter\u00e9s leg\u00edtimo del responsable, o de un tercero:<\/p><ul><li>Examen de la ponderaci\u00f3n de su legitimidad frente a los intereses y los derechos y libertades fundamentales del interesado.<\/li><li>Protecci\u00f3n de intereses vitales del interesado o de otra persona.<\/li><\/ul><p> <\/p><h5>Conservaci\u00f3n<\/h5><p>Sus datos ser\u00e1n conservados durante el tiempo necesario para cumplir con el servicio solicitado. Una vez cumplida dicha finalidad sus datos ser\u00e1n conservados debidamente bloqueados para poder cumplir con las obligaciones que legalmente vengan impuestas al responsable por la legislaci\u00f3n vigente. Transcurridos dichos plazos, sus datos ser\u00e1n borrados definitivamente salvo que nos solicites expresamente la portabilidad a terceros.  <\/p><h5>Destinatarios<\/h5><ul><li>Hacienda P\u00fablica, TG de la Seguridad Social o entidades Colaboradoras por tratarse de un requisito legal.<\/li><li>Trib. de Justicia, M\u00ba Fiscal o Fuerzas y Cuerpos de Seguridad del Estado, por tratarse de un requisito legal. <\/li><li>Servicios fiscales y laborales<\/li><\/ul><h5>Derechos<\/h5><p>Puede ejercer sus derechos de acceso, rectificaci\u00f3n, supresi\u00f3n y portabilidad de sus datos, y la limitaci\u00f3n u oposici\u00f3n al tratamiento en <a href=\"mailto:info@casaskaren.com\">info@casaskaren.com.<\/a><br>Asimismo, tiene derecho a retirar el consentimiento prestado y a reclamar ante la Autoridad de Control en <a href=\"http:\/\/www.agpd.es\/\">www.agpd.es<\/a><\/p><h3>Modificaciones.<\/h3><p>Con el fin de mejorar las prestaciones del sitio web, se reserva el derecho, en cualquier momento y sin previa notificaci\u00f3n al usuario, a modificar ampliar o suspender temporalmente la presentaci\u00f3n, configuraci\u00f3n, especificaciones t\u00e9cnicas y servicios del sitio web, de forma unilateral.<\/p><p>Asimismo se reserva el derecho de modificar en cualquier momento las presentes condiciones de uso as\u00ed como cualesquiera otras condiciones particulares.<\/p><h3>Hiperenlaces.<\/h3><p>Por los hiperenlaces contenidos en el sitio web que pueden dirigir a p\u00e1ginas web de terceros, no se asume ninguna responsabilidad por el contenido, informaciones o servicios que pudieran aparecer en dichos sitios, que tengan exclusivamente car\u00e1cter informativo y que en ning\u00fan caso impliquen relaci\u00f3n alguna entre esta web y a las personas o entidades titulares de tales contenidos o titulares de los sitios donde se encuentren.<\/p><h3>1.CONDICIONES GENERALES Y SU ACEPTACI\u00d3N<\/h3><p>Estas condiciones generales (en adelante, las &#8216;Condiciones Generales&#8217;) regulan el uso del servicio de nuestro Sitio Web de Internet &#8216;www.casaskaren.com&#8217;, (en adelante, la &#8216;Web Site&#8217;) que KAREN ABRAHAMS. pone gratuitamente a disposici\u00f3n de los usuarios de Internet. <\/p><p>La utilizaci\u00f3n de nuestro Sitio Web atribuye la condici\u00f3n de usuario de nuestro Sitio Web (en adelante, el &#8216;Usuario&#8217;) y supone la aceptaci\u00f3n plena y sin reservas por el Usuario de todas y cada una de las Condiciones Generales en la versi\u00f3n publicada por KAREN ABRAHAMS en el momento mismo en que el Usuario acceda a nuestro Sitio Web. En consecuencia, el Usuario debe leer atentamente las Condiciones Generales en cada una de las ocasiones en que se proponga utilizar nuestro Sitio Web. <\/p><p>Asimismo, la utilizaci\u00f3n del Servicio se encuentra sometida igualmente a todos los avisos, reglamentos de uso e instrucciones puestos en conocimiento del Usuario por KAREN ABRAHAMS que completen lo previsto en estas Condiciones Generales en tanto no se opongan a ellas. KAREN ABRAHAMS se reserva el derecho a denegar o retirar el acceso a su Sitio Web, en cualquier momento y sin necesidad de preaviso, a aquellos Usuarios que incumplan las presentes Condiciones Generales as\u00ed como las Condiciones Particulares que resulten de aplicaci\u00f3n. <\/p><h3>2. DECLARACIONES Y USO RELACIONADOS CON LA WEB.<\/h3><h4>2.1. Declaraciones de KAREN ABRAHAMS y limitaci\u00f3n de responsabilidad.<\/h4><p>Este Sitio Web ha sido elaborado de buena fe por KAREN ABRAHAMS con informaci\u00f3n procedente desde fuentes externas e internas de KAREN ABRAHAMS. Sin embargo, no se garantiza la exhaustividad, veracidad, exactitud o actualidad de toda la informaci\u00f3n que contiene ni, en particular, la utilidad de nuestro Sitio Web para la realizaci\u00f3n de alguna actividad en particular por el Usuario. <\/p><p>Por otra parte KAREN ABRAHAMS no controla ni garantiza la ausencia de virus ni otros elementos al acceder a nuestro Sitio Web que pueda producir alteraciones en los documentos electr\u00f3nicos y ficheros almacenados en su sistema inform\u00e1tico. Por ello, KAREN ABRAHAMS declina toda responsabilidad por los da\u00f1os y perjuicios de toda naturaleza que puedan deberse al uso que los Usuarios hacen del Sitio Web y de sus servicios o contenidos. <\/p><p>KAREN ABRAHAMS no garantiza la disponibilidad y continuidad del funcionamiento de su Sitio Web y\/o de sus servicios. No obstante, cuando ello sea razonablemente posible, KAREN ABRAHAMS advertir\u00e1 previamente las interrupciones en el funcionamiento de nuestro Sitio Web y de los Servicios. <\/p><p>En este contexto KAREN ABRAHAMS declina cualquier responsabilidad por los da\u00f1os y perjuicios de toda naturaleza que puedan deberse a la falta de disponibilidad o de continuidad del funcionamiento de nuestro Sitio Web y de los servicios.<\/p><h4>2.2. Uso correcto de los contenidos de la Web por el Usuario.<\/h4><p>KAREN ABRAHAMS declara que los derechos de propiedad industrial (Marcas, Nombres comerciales, etc.) que aparecen en este Sitio Web son de su propiedad y\/o se encuentran leg\u00edtimamente explotados en virtud de acuerdos o licencias de uso, encontr\u00e1ndose debidamente protegidos por la Normativa existente sobre Propiedad Industrial. El Usuario se obliga a usar la P\u00e1gina Web de forma diligente, correcta y l\u00edcita y, en particular, se compromete a abstenerse de: <\/p><ol><li>Suprimir, eludir o manipular el &#8216;copyright&#8217;, marcas y dem\u00e1s datos identificativos de los derechos de KAREN ABRAHAMS o de sus titulares incorporados a los contenidos y\/o productos comercializados desde nuestro Sitio Web, as\u00ed como los dispositivos t\u00e9cnicos de protecci\u00f3n, las huellas digitales o cualesquiera mecanismos de informaci\u00f3n que pudieren contener los mismos.<\/li><li>Emplear los contenidos y, en particular, la informaci\u00f3n de KAREN ABRAHAMS obtenida a trav\u00e9s de nuestro Sitio Web para remitir publicidad, comunicaciones con fines de venta directa o con cualquier otra clase de finalidad comercial, mensajes no solicitados dirigidos a una pluralidad de personas.<\/li><li>Reproducir o copiar, distribuir, permitir el acceso del p\u00fablico a trav\u00e9s de cualquier modalidad de comunicaci\u00f3n p\u00fablica, transformar o modificar los contenidos, a menos que se cuente con la autorizaci\u00f3n del titular de los correspondientes derechos o ello resulte legalmente permitido.<\/li><li>En general, utilizar los contenidos de forma, con fines o efectos contrarios a la ley, a la moral y a las buenas costumbres generalmente aceptadas o al orden p\u00fablico. KAREN ABRAHAMS no concede ninguna licencia o autorizaci\u00f3n de uso de ninguna clase sobre sus derechos de propiedad industrial e intelectual o sobre cualquier otra propiedad o derecho relacionado con su Sitio Web. <\/li><\/ol><h4>2.3. Procedimiento en caso de violaci\u00f3n de derechos de propiedad intelectual.<\/h4><p>En el caso de que cualquier Usuario o un tercero considere que cualquiera de los contenidos ha sido introducido en su Sitio Web con violaci\u00f3n de sus derechos de propiedad intelectual deber\u00e1 enviar una notificaci\u00f3n a KAREN ABRAHAMS con indicaci\u00f3n completa y precisa de sus datos y de los derechos de propiedad intelectual supuestamente infringidos as\u00ed como la Sitio Web.<\/p><p>3. LEY APLICABLE Y JURISDICCI\u00d3N<\/p><p>Esta Web ha sido creada de conformidad con la legalidad y los c\u00f3digos de pr\u00e1ctica publicitaria existentes en Espa\u00f1a.<\/p><p>KAREN ABRAHAMS y el Usuario, con renuncia expresa a cualquier otro fuero, se someten a los Juzgados y Tribunales del domicilio del Usuario para cualquier controversia que pudiera derivarse de la prestaci\u00f3n de los servicios objeto de estas Condiciones Generales.<\/p><p>En el caso de que el Usuario tenga su domicilio fuera de Espa\u00f1a, KAREN ABRAHAMS y el Usuario se someten, con renuncia expresa a cualquier otro fuero, a los juzgados y tribunales de la ciudad de Madrid (Espa\u00f1a).<\/p>\t\t\t\t\t\t\t\t<\/div>\n\t\t\t\t<\/div>\n\t\t\t\t\t<\/div>\n\t\t\t\t<\/div>\n\t\t\t\t<\/div>\n\t\t","protected":false},"excerpt":{"rendered":"<p>AVISO LEGAL Aviso Legal &#8211; LSSI &#8211; RGPD Condiciones generales de utilizaci\u00f3n de esta p\u00e1gina web: El presente aviso legal [&hellip;]<\/p>\n","protected":false},"author":1,"featured_media":0,"parent":0,"menu_order":0,"comment_status":"closed","ping_status":"closed","template":"elementor_header_footer","meta":{"site-sidebar-layout":"no-sidebar","site-content-layout":"","ast-site-content-layout":"full-width-container","site-content-style":"default","site-sidebar-style":"default","ast-global-header-display":"","ast-banner-title-visibility":"","ast-main-header-display":"","ast-hfb-above-header-display":"","ast-hfb-below-header-display":"","ast-hfb-mobile-header-display":"","site-post-title":"disabled","ast-breadcrumbs-content":"","ast-featured-img":"disabled","footer-sml-layout":"","ast-disable-related-posts":"","theme-transparent-header-meta":"default","adv-header-id-meta":"","stick-header-meta":"","header-above-stick-meta":"","header-main-stick-meta":"","header-below-stick-meta":"","astra-migrate-meta-layouts":"default","ast-page-background-enabled":"default","ast-page-background-meta":{"desktop":{"background-color":"var(--ast-global-color-5)","background-image":"","background-repeat":"repeat","background-position":"center center","background-size":"auto","background-attachment":"scroll","background-type":"","background-media":"","overlay-type":"","overlay-color":"","overlay-opacity":"","overlay-gradient":""},"tablet":{"background-color":"","background-image":"","background-repeat":"repeat","background-position":"center center","background-size":"auto","background-attachment":"scroll","background-type":"","background-media":"","overlay-type":"","overlay-color":"","overlay-opacity":"","overlay-gradient":""},"mobile":{"background-color":"","background-image":"","background-repeat":"repeat","background-position":"center center","background-size":"auto","background-attachment":"scroll","background-type":"","background-media":"","overlay-type":"","overlay-color":"","overlay-opacity":"","overlay-gradient":""}},"ast-content-background-meta":{"desktop":{"background-color":"var(--ast-global-color-4)","background-image":"","background-repeat":"repeat","background-position":"center center","background-size":"auto","background-attachment":"scroll","background-type":"","background-media":"","overlay-type":"","overlay-color":"","overlay-opacity":"","overlay-gradient":""},"tablet":{"background-color":"var(--ast-global-color-4)","background-image":"","background-repeat":"repeat","background-position":"center center","background-size":"auto","background-attachment":"scroll","background-type":"","background-media":"","overlay-type":"","overlay-color":"","overlay-opacity":"","overlay-gradient":""},"mobile":{"background-color":"var(--ast-global-color-4)","background-image":"","background-repeat":"repeat","background-position":"center center","background-size":"auto","background-attachment":"scroll","background-type":"","background-media":"","overlay-type":"","overlay-color":"","overlay-opacity":"","overlay-gradient":""}},"footnotes":""},"class_list":["post-3797","page","type-page","status-publish","hentry"],"yoast_head":"<!-- This site is optimized with the Yoast SEO plugin v27.2 - https:\/\/yoast.com\/product\/yoast-seo-wordpress\/ -->\n<title>Aviso legal - casaskaren<\/title>\n<meta name=\"robots\" content=\"index, follow, max-snippet:-1, max-image-preview:large, max-video-preview:-1\" \/>\n<link rel=\"canonical\" href=\"https:\/\/casaskaren.com\/es\/aviso-legal\/\" \/>\n<meta property=\"og:locale\" content=\"es_ES\" \/>\n<meta property=\"og:type\" content=\"article\" \/>\n<meta property=\"og:title\" content=\"Aviso legal - casaskaren\" \/>\n<meta property=\"og:description\" content=\"AVISO LEGAL Aviso Legal &#8211; LSSI &#8211; RGPD Condiciones generales de utilizaci\u00f3n de esta p\u00e1gina web: El presente aviso legal [&hellip;]\" \/>\n<meta property=\"og:url\" content=\"https:\/\/casaskaren.com\/es\/aviso-legal\/\" \/>\n<meta property=\"og:site_name\" content=\"casaskaren\" \/>\n<meta property=\"article:modified_time\" content=\"2025-07-21T15:11:11+00:00\" \/>\n<meta name=\"twitter:card\" content=\"summary_large_image\" \/>\n<meta name=\"twitter:label1\" content=\"Tiempo de lectura\" \/>\n\t<meta name=\"twitter:data1\" content=\"10 minutos\" \/>\n<script type=\"application\/ld+json\" class=\"yoast-schema-graph\">{\"@context\":\"https:\/\/schema.org\",\"@graph\":[{\"@type\":\"WebPage\",\"@id\":\"https:\/\/casaskaren.com\/es\/aviso-legal\/\",\"url\":\"https:\/\/casaskaren.com\/es\/aviso-legal\/\",\"name\":\"Aviso legal - casaskaren\",\"isPartOf\":{\"@id\":\"https:\/\/casaskaren.com\/es\/#website\"},\"datePublished\":\"2025-05-29T18:52:20+00:00\",\"dateModified\":\"2025-07-21T15:11:11+00:00\",\"breadcrumb\":{\"@id\":\"https:\/\/casaskaren.com\/es\/aviso-legal\/#breadcrumb\"},\"inLanguage\":\"es\",\"potentialAction\":[{\"@type\":\"ReadAction\",\"target\":[\"https:\/\/casaskaren.com\/es\/aviso-legal\/\"]}]},{\"@type\":\"BreadcrumbList\",\"@id\":\"https:\/\/casaskaren.com\/es\/aviso-legal\/#breadcrumb\",\"itemListElement\":[{\"@type\":\"ListItem\",\"position\":1,\"name\":\"Home\",\"item\":\"https:\/\/casaskaren.com\/es\/\"},{\"@type\":\"ListItem\",\"position\":2,\"name\":\"Aviso legal\"}]},{\"@type\":\"WebSite\",\"@id\":\"https:\/\/casaskaren.com\/es\/#website\",\"url\":\"https:\/\/casaskaren.com\/es\/\",\"name\":\"casaskaren\",\"description\":\"\",\"publisher\":{\"@id\":\"https:\/\/casaskaren.com\/es\/#organization\"},\"potentialAction\":[{\"@type\":\"SearchAction\",\"target\":{\"@type\":\"EntryPoint\",\"urlTemplate\":\"https:\/\/casaskaren.com\/es\/?s={search_term_string}\"},\"query-input\":{\"@type\":\"PropertyValueSpecification\",\"valueRequired\":true,\"valueName\":\"search_term_string\"}}],\"inLanguage\":\"es\"},{\"@type\":\"Organization\",\"@id\":\"https:\/\/casaskaren.com\/es\/#organization\",\"name\":\"casaskaren\",\"url\":\"https:\/\/casaskaren.com\/es\/\",\"logo\":{\"@type\":\"ImageObject\",\"inLanguage\":\"es\",\"@id\":\"https:\/\/casaskaren.com\/es\/#\/schema\/logo\/image\/\",\"url\":\"https:\/\/casaskaren.com\/wp-content\/uploads\/2025\/06\/logotipo-casas-karen.jpg\",\"contentUrl\":\"https:\/\/casaskaren.com\/wp-content\/uploads\/2025\/06\/logotipo-casas-karen.jpg\",\"width\":1332,\"height\":420,\"caption\":\"casaskaren\"},\"image\":{\"@id\":\"https:\/\/casaskaren.com\/es\/#\/schema\/logo\/image\/\"}}]}<\/script>\n<!-- \/ Yoast SEO plugin. -->","yoast_head_json":{"title":"Aviso legal - casaskaren","robots":{"index":"index","follow":"follow","max-snippet":"max-snippet:-1","max-image-preview":"max-image-preview:large","max-video-preview":"max-video-preview:-1"},"canonical":"https:\/\/casaskaren.com\/es\/aviso-legal\/","og_locale":"es_ES","og_type":"article","og_title":"Aviso legal - casaskaren","og_description":"AVISO LEGAL Aviso Legal &#8211; LSSI &#8211; RGPD Condiciones generales de utilizaci\u00f3n de esta p\u00e1gina web: El presente aviso legal [&hellip;]","og_url":"https:\/\/casaskaren.com\/es\/aviso-legal\/","og_site_name":"casaskaren","article_modified_time":"2025-07-21T15:11:11+00:00","twitter_card":"summary_large_image","twitter_misc":{"Tiempo de lectura":"10 minutos"},"schema":{"@context":"https:\/\/schema.org","@graph":[{"@type":"WebPage","@id":"https:\/\/casaskaren.com\/es\/aviso-legal\/","url":"https:\/\/casaskaren.com\/es\/aviso-legal\/","name":"Aviso legal - casaskaren","isPartOf":{"@id":"https:\/\/casaskaren.com\/es\/#website"},"datePublished":"2025-05-29T18:52:20+00:00","dateModified":"2025-07-21T15:11:11+00:00","breadcrumb":{"@id":"https:\/\/casaskaren.com\/es\/aviso-legal\/#breadcrumb"},"inLanguage":"es","potentialAction":[{"@type":"ReadAction","target":["https:\/\/casaskaren.com\/es\/aviso-legal\/"]}]},{"@type":"BreadcrumbList","@id":"https:\/\/casaskaren.com\/es\/aviso-legal\/#breadcrumb","itemListElement":[{"@type":"ListItem","position":1,"name":"Home","item":"https:\/\/casaskaren.com\/es\/"},{"@type":"ListItem","position":2,"name":"Aviso legal"}]},{"@type":"WebSite","@id":"https:\/\/casaskaren.com\/es\/#website","url":"https:\/\/casaskaren.com\/es\/","name":"casaskaren","description":"","publisher":{"@id":"https:\/\/casaskaren.com\/es\/#organization"},"potentialAction":[{"@type":"SearchAction","target":{"@type":"EntryPoint","urlTemplate":"https:\/\/casaskaren.com\/es\/?s={search_term_string}"},"query-input":{"@type":"PropertyValueSpecification","valueRequired":true,"valueName":"search_term_string"}}],"inLanguage":"es"},{"@type":"Organization","@id":"https:\/\/casaskaren.com\/es\/#organization","name":"casaskaren","url":"https:\/\/casaskaren.com\/es\/","logo":{"@type":"ImageObject","inLanguage":"es","@id":"https:\/\/casaskaren.com\/es\/#\/schema\/logo\/image\/","url":"https:\/\/casaskaren.com\/wp-content\/uploads\/2025\/06\/logotipo-casas-karen.jpg","contentUrl":"https:\/\/casaskaren.com\/wp-content\/uploads\/2025\/06\/logotipo-casas-karen.jpg","width":1332,"height":420,"caption":"casaskaren"},"image":{"@id":"https:\/\/casaskaren.com\/es\/#\/schema\/logo\/image\/"}}]}},"_links":{"self":[{"href":"https:\/\/casaskaren.com\/es\/wp-json\/wp\/v2\/pages\/3797","targetHints":{"allow":["GET"]}}],"collection":[{"href":"https:\/\/casaskaren.com\/es\/wp-json\/wp\/v2\/pages"}],"about":[{"href":"https:\/\/casaskaren.com\/es\/wp-json\/wp\/v2\/types\/page"}],"author":[{"embeddable":true,"href":"https:\/\/casaskaren.com\/es\/wp-json\/wp\/v2\/users\/1"}],"replies":[{"embeddable":true,"href":"https:\/\/casaskaren.com\/es\/wp-json\/wp\/v2\/comments?post=3797"}],"version-history":[{"count":1,"href":"https:\/\/casaskaren.com\/es\/wp-json\/wp\/v2\/pages\/3797\/revisions"}],"predecessor-version":[{"id":3823,"href":"https:\/\/casaskaren.com\/es\/wp-json\/wp\/v2\/pages\/3797\/revisions\/3823"}],"wp:attachment":[{"href":"https:\/\/casaskaren.com\/es\/wp-json\/wp\/v2\/media?parent=3797"}],"curies":[{"name":"wp","href":"https:\/\/api.w.org\/{rel}","templated":true}]}}