{"id":4419,"date":"2025-05-29T18:56:40","date_gmt":"2025-05-29T18:56:40","guid":{"rendered":"https:\/\/casaskaren2.johnweb.nl\/condiciones-de-estancia\/"},"modified":"2025-07-21T15:11:54","modified_gmt":"2025-07-21T15:11:54","slug":"condiciones-de-estancia","status":"publish","type":"page","link":"https:\/\/casaskaren.com\/es\/condiciones-de-estancia\/","title":{"rendered":"Condiciones de estancia"},"content":{"rendered":"\t\t<div data-elementor-type=\"wp-page\" data-elementor-id=\"4419\" class=\"elementor elementor-4419 elementor-35\" data-elementor-post-type=\"page\">\n\t\t\t\t<div class=\"elementor-element elementor-element-880ccd7 e-flex e-con-boxed e-con e-parent\" data-id=\"880ccd7\" data-element_type=\"container\" data-e-type=\"container\">\n\t\t\t\t\t<div class=\"e-con-inner\">\n\t\t\t\t<div class=\"elementor-element elementor-element-7e1f7f5 elementor-widget elementor-widget-heading\" data-id=\"7e1f7f5\" data-element_type=\"widget\" data-e-type=\"widget\" data-widget_type=\"heading.default\">\n\t\t\t\t<div class=\"elementor-widget-container\">\n\t\t\t\t\t<h2 class=\"elementor-heading-title elementor-size-default\">Condiciones de estancia e informaci\u00f3n<\/h2>\t\t\t\t<\/div>\n\t\t\t\t<\/div>\n\t\t\t\t<div class=\"elementor-element elementor-element-b741f8d elementor-widget elementor-widget-text-editor\" data-id=\"b741f8d\" data-element_type=\"widget\" data-e-type=\"widget\" data-widget_type=\"text-editor.default\">\n\t\t\t\t<div class=\"elementor-widget-container\">\n\t\t\t\t\t\t\t\t\t<div class=\"et_pb_module et_pb_text et_pb_text_1 et_pb_text_align_left et_pb_bg_layout_light\"><div class=\"et_pb_text_inner\"><h2>CONDICIONES DE ESTANCIA E INFORMACI\u00d3N EN CASAS KAREN<\/h2><p>Casas Karen es un lugar para disfrutar de la tranquilidad y la naturaleza circundante. Por eso nos esforzamos en alquilar a quienes aprecian la tranquilidad del entorno natural. <\/p><p><strong>HORA DE LLEGADA Y SALIDA<\/strong><\/p><ul><li>Hora de llegada: A partir de las 16.00 h. (A veces es posible llegar antes. Inf\u00f3rmate de antemano si es posible). <\/li><li>Hora de salida: Antes de las 11.00 h. Si quieres quedarte m\u00e1s tiempo y hay disponibilidad, organ\u00edzalo de antemano en la oficina. En algunos casos se cobrar\u00e1 un suplemento de medio d\u00eda de estancia.  <\/li><\/ul><p><strong>GOMA<\/strong><\/p><p>Por favor, tira la basura en los contenedores correspondientes situados en la carretera principal de Los Ca\u00f1os. No hay recogida de basuras en las casas de Los Ca\u00f1os de Meca, s\u00f3lo en la carretera principal.<br>Hay un cargo adicional de 5 \u20ac, si quieres dejar la basura en la casa al final de tu estancia. <\/p><p><strong>LIMPIEZA<\/strong><\/p><p>Si la casa necesita una limpieza extra m\u00e1s all\u00e1 del tiempo asignado para la limpieza b\u00e1sica de final de estancia, se te cargar\u00e1 en tu tarjeta de cr\u00e9dito el tiempo extra.<\/p><ul><li>1 hora -18<\/li><li>Media hora -9<\/li><\/ul><p><strong>PRODUCTOS ECOL\u00d3GICOS<\/strong><\/p><p>Por favor, utiliza s\u00f3lo productos ecol\u00f3gicos:<\/p><ul><li>Para art\u00edculos de aseo (tenemos champ\u00fa y jab\u00f3n a la venta en la oficina)<\/li><li>Antimosquitos naturales (citronela, etc.)<\/li><li>Productos ecol\u00f3gicos para lavar la vajilla, soluci\u00f3n limpiadora multiusos, te la dejamos para que la utilices en el alojamiento.<\/li><\/ul><p>Por favor, no utilices:<\/p><ul><li>Lej\u00eda u otros productos no ecol\u00f3gicos<\/li><\/ul><p><strong>MOBILIARIO<\/strong><\/p><p>En caso de que algo se utilice incorrectamente, se rompa o se deteriore considerablemente durante tu estancia, el cliente ser\u00e1 responsable bien de reponer el art\u00edculo, bien de pagar la compra de otro o bien de arreglarlo y comunic\u00e1rnoslo.<br>Casas Karen no se hace responsable de ninguna p\u00e9rdida, rotura, robo o desaparici\u00f3n de cualquier propiedad del cliente durante su estancia en nuestras instalaciones.<br>Casas Karen se reserva el derecho a cargar en la tarjeta de cr\u00e9dito del cliente los da\u00f1os, robos o extras que puedan producirse durante su estancia en el interior de Casas Karen.<\/p><p><strong>CANCELACIONES<\/strong><\/p><p>Todos los cambios o cancelaciones deben hacerse no s\u00f3lo por tel\u00e9fono, sino tambi\u00e9n por correo electr\u00f3nico.<br>Hasta 30 d\u00edas antes: Devolvemos el dep\u00f3sito menos 60 \u20ac en concepto de gastos de administraci\u00f3n.<br>De 29 a 7 d\u00edas, devolvemos el 50 % del dep\u00f3sito. (Si ya has pagado el 100 %, te devolveremos el 75 %). <br>Menos de 6 d\u00edas antes, no se devuelve el dep\u00f3sito \/ si ya has pagado el 100%, te devolveremos el 60 %)<\/p><p>Si la cancelaci\u00f3n se debe a la Covid-19 (restricciones de movilidad, etc); Casas Karen oferta:<\/p><p>1. Guarda el 100% del dep\u00f3sito pagado para una futura reserva, sin fecha de caducidad<br>2. Te devolvemos el dep\u00f3sito menos 60 \u20ac en concepto de gastos de administraci\u00f3n.<\/p><p>Te recomendamos que contrates un seguro de viaje que incluya tambi\u00e9n los gastos de anulaci\u00f3n.<\/p><p><strong>ANIMALES<\/strong><\/p><p>Si quieres venir con tu mascota:<\/p><p>S\u00f3lo admitimos animales tranquilos y que se comporten bien.<br>10 \u20ac por noche de cargo adicional por animal<br>Para m\u00e1s de un animal de compa\u00f1\u00eda, ponte en contacto con nosotros antes de reservar y te confirmaremos si es posible.<br>Necesitamos saber que vas a traer un animal de compa\u00f1\u00eda cuando hagas la reserva.<br>Marca la casilla \u00abanimal de compa\u00f1\u00eda\u00bb.<br>Indica: cu\u00e1ntos animales de compa\u00f1\u00eda, tipo y raza del animal.<\/p><p><strong>Normas para due\u00f1os de mascotas<\/strong><\/p><p>Te pedimos que saques a pasear a tu\/s mascota\/s para que hagan sus necesidades hacia el parque natural. No dejes suelta a tu\/s mascota\/s hasta tu regreso.<br>No permitas que los animales se suban a los sof\u00e1s o camas. Trae ropa de cama y\/o mantas para tu animal espec\u00edfico.<br>Los propietarios son responsables si los animales causan alg\u00fan da\u00f1o al alojamiento, al recinto o a terceros.<br>Casas Karen, por tanto, declina toda responsabilidad si ocurriera alguna de las contingencias anteriores.<br>Recomendamos un seguro para mascotas.<br>No puedes dejar a la mascota sola en el alojamiento ni en el recinto de Casas Karen. Si surgiera alg\u00fan problema, ponte en contacto con la oficina.<br>Los animales deben estar en condiciones higi\u00e9nicas adecuadas.   <\/p><p> <\/p><p><strong>Casas Karen se reserva el derecho a poner fin a la estancia en las instalaciones de cualquier persona que incumpla las normas m\u00ednimas de civismo y convivencia<\/strong><\/p><\/div><\/div>\t\t\t\t\t\t\t\t<\/div>\n\t\t\t\t<\/div>\n\t\t\t\t\t<\/div>\n\t\t\t\t<\/div>\n\t\t\t\t<\/div>\n\t\t","protected":false},"excerpt":{"rendered":"<p>Condiciones de estancia e informaci\u00f3n CONDICIONES DE ESTANCIA E INFORMACI\u00d3N EN CASAS KAREN Casas Karen es un lugar para disfrutar [&hellip;]<\/p>\n","protected":false},"author":1,"featured_media":0,"parent":0,"menu_order":0,"comment_status":"closed","ping_status":"closed","template":"elementor_header_footer","meta":{"site-sidebar-layout":"no-sidebar","site-content-layout":"","ast-site-content-layout":"full-width-container","site-content-style":"default","site-sidebar-style":"default","ast-global-header-display":"","ast-banner-title-visibility":"","ast-main-header-display":"","ast-hfb-above-header-display":"","ast-hfb-below-header-display":"","ast-hfb-mobile-header-display":"","site-post-title":"disabled","ast-breadcrumbs-content":"","ast-featured-img":"disabled","footer-sml-layout":"","ast-disable-related-posts":"","theme-transparent-header-meta":"default","adv-header-id-meta":"","stick-header-meta":"","header-above-stick-meta":"","header-main-stick-meta":"","header-below-stick-meta":"","astra-migrate-meta-layouts":"default","ast-page-background-enabled":"default","ast-page-background-meta":{"desktop":{"background-color":"var(--ast-global-color-5)","background-image":"","background-repeat":"repeat","background-position":"center center","background-size":"auto","background-attachment":"scroll","background-type":"","background-media":"","overlay-type":"","overlay-color":"","overlay-opacity":"","overlay-gradient":""},"tablet":{"background-color":"","background-image":"","background-repeat":"repeat","background-position":"center center","background-size":"auto","background-attachment":"scroll","background-type":"","background-media":"","overlay-type":"","overlay-color":"","overlay-opacity":"","overlay-gradient":""},"mobile":{"background-color":"","background-image":"","background-repeat":"repeat","background-position":"center center","background-size":"auto","background-attachment":"scroll","background-type":"","background-media":"","overlay-type":"","overlay-color":"","overlay-opacity":"","overlay-gradient":""}},"ast-content-background-meta":{"desktop":{"background-color":"var(--ast-global-color-4)","background-image":"","background-repeat":"repeat","background-position":"center center","background-size":"auto","background-attachment":"scroll","background-type":"","background-media":"","overlay-type":"","overlay-color":"","overlay-opacity":"","overlay-gradient":""},"tablet":{"background-color":"var(--ast-global-color-4)","background-image":"","background-repeat":"repeat","background-position":"center center","background-size":"auto","background-attachment":"scroll","background-type":"","background-media":"","overlay-type":"","overlay-color":"","overlay-opacity":"","overlay-gradient":""},"mobile":{"background-color":"var(--ast-global-color-4)","background-image":"","background-repeat":"repeat","background-position":"center center","background-size":"auto","background-attachment":"scroll","background-type":"","background-media":"","overlay-type":"","overlay-color":"","overlay-opacity":"","overlay-gradient":""}},"footnotes":""},"class_list":["post-4419","page","type-page","status-publish","hentry"],"yoast_head":"<!-- This site is optimized with the Yoast SEO plugin v27.2 - https:\/\/yoast.com\/product\/yoast-seo-wordpress\/ -->\n<title>Condiciones de estancia - casaskaren<\/title>\n<meta name=\"robots\" content=\"index, follow, max-snippet:-1, max-image-preview:large, max-video-preview:-1\" \/>\n<link rel=\"canonical\" href=\"https:\/\/casaskaren.com\/es\/condiciones-de-estancia\/\" \/>\n<meta property=\"og:locale\" content=\"es_ES\" \/>\n<meta property=\"og:type\" content=\"article\" \/>\n<meta property=\"og:title\" content=\"Condiciones de estancia - casaskaren\" \/>\n<meta property=\"og:description\" content=\"Condiciones de estancia e informaci\u00f3n CONDICIONES DE ESTANCIA E INFORMACI\u00d3N EN CASAS KAREN Casas Karen es un lugar para disfrutar [&hellip;]\" \/>\n<meta property=\"og:url\" content=\"https:\/\/casaskaren.com\/es\/condiciones-de-estancia\/\" \/>\n<meta property=\"og:site_name\" content=\"casaskaren\" \/>\n<meta property=\"article:modified_time\" content=\"2025-07-21T15:11:54+00:00\" \/>\n<meta name=\"twitter:card\" content=\"summary_large_image\" \/>\n<meta name=\"twitter:label1\" content=\"Tiempo de lectura\" \/>\n\t<meta name=\"twitter:data1\" content=\"4 minutos\" \/>\n<script type=\"application\/ld+json\" class=\"yoast-schema-graph\">{\"@context\":\"https:\/\/schema.org\",\"@graph\":[{\"@type\":\"WebPage\",\"@id\":\"https:\/\/casaskaren.com\/es\/condiciones-de-estancia\/\",\"url\":\"https:\/\/casaskaren.com\/es\/condiciones-de-estancia\/\",\"name\":\"Condiciones de estancia - casaskaren\",\"isPartOf\":{\"@id\":\"https:\/\/casaskaren.com\/es\/#website\"},\"datePublished\":\"2025-05-29T18:56:40+00:00\",\"dateModified\":\"2025-07-21T15:11:54+00:00\",\"breadcrumb\":{\"@id\":\"https:\/\/casaskaren.com\/es\/condiciones-de-estancia\/#breadcrumb\"},\"inLanguage\":\"es\",\"potentialAction\":[{\"@type\":\"ReadAction\",\"target\":[\"https:\/\/casaskaren.com\/es\/condiciones-de-estancia\/\"]}]},{\"@type\":\"BreadcrumbList\",\"@id\":\"https:\/\/casaskaren.com\/es\/condiciones-de-estancia\/#breadcrumb\",\"itemListElement\":[{\"@type\":\"ListItem\",\"position\":1,\"name\":\"Home\",\"item\":\"https:\/\/casaskaren.com\/es\/\"},{\"@type\":\"ListItem\",\"position\":2,\"name\":\"Condiciones de estancia\"}]},{\"@type\":\"WebSite\",\"@id\":\"https:\/\/casaskaren.com\/es\/#website\",\"url\":\"https:\/\/casaskaren.com\/es\/\",\"name\":\"casaskaren\",\"description\":\"\",\"publisher\":{\"@id\":\"https:\/\/casaskaren.com\/es\/#organization\"},\"potentialAction\":[{\"@type\":\"SearchAction\",\"target\":{\"@type\":\"EntryPoint\",\"urlTemplate\":\"https:\/\/casaskaren.com\/es\/?s={search_term_string}\"},\"query-input\":{\"@type\":\"PropertyValueSpecification\",\"valueRequired\":true,\"valueName\":\"search_term_string\"}}],\"inLanguage\":\"es\"},{\"@type\":\"Organization\",\"@id\":\"https:\/\/casaskaren.com\/es\/#organization\",\"name\":\"casaskaren\",\"url\":\"https:\/\/casaskaren.com\/es\/\",\"logo\":{\"@type\":\"ImageObject\",\"inLanguage\":\"es\",\"@id\":\"https:\/\/casaskaren.com\/es\/#\/schema\/logo\/image\/\",\"url\":\"https:\/\/casaskaren.com\/wp-content\/uploads\/2025\/06\/logotipo-casas-karen.jpg\",\"contentUrl\":\"https:\/\/casaskaren.com\/wp-content\/uploads\/2025\/06\/logotipo-casas-karen.jpg\",\"width\":1332,\"height\":420,\"caption\":\"casaskaren\"},\"image\":{\"@id\":\"https:\/\/casaskaren.com\/es\/#\/schema\/logo\/image\/\"}}]}<\/script>\n<!-- \/ Yoast SEO plugin. -->","yoast_head_json":{"title":"Condiciones de estancia - casaskaren","robots":{"index":"index","follow":"follow","max-snippet":"max-snippet:-1","max-image-preview":"max-image-preview:large","max-video-preview":"max-video-preview:-1"},"canonical":"https:\/\/casaskaren.com\/es\/condiciones-de-estancia\/","og_locale":"es_ES","og_type":"article","og_title":"Condiciones de estancia - casaskaren","og_description":"Condiciones de estancia e informaci\u00f3n CONDICIONES DE ESTANCIA E INFORMACI\u00d3N EN CASAS KAREN Casas Karen es un lugar para disfrutar [&hellip;]","og_url":"https:\/\/casaskaren.com\/es\/condiciones-de-estancia\/","og_site_name":"casaskaren","article_modified_time":"2025-07-21T15:11:54+00:00","twitter_card":"summary_large_image","twitter_misc":{"Tiempo de lectura":"4 minutos"},"schema":{"@context":"https:\/\/schema.org","@graph":[{"@type":"WebPage","@id":"https:\/\/casaskaren.com\/es\/condiciones-de-estancia\/","url":"https:\/\/casaskaren.com\/es\/condiciones-de-estancia\/","name":"Condiciones de estancia - casaskaren","isPartOf":{"@id":"https:\/\/casaskaren.com\/es\/#website"},"datePublished":"2025-05-29T18:56:40+00:00","dateModified":"2025-07-21T15:11:54+00:00","breadcrumb":{"@id":"https:\/\/casaskaren.com\/es\/condiciones-de-estancia\/#breadcrumb"},"inLanguage":"es","potentialAction":[{"@type":"ReadAction","target":["https:\/\/casaskaren.com\/es\/condiciones-de-estancia\/"]}]},{"@type":"BreadcrumbList","@id":"https:\/\/casaskaren.com\/es\/condiciones-de-estancia\/#breadcrumb","itemListElement":[{"@type":"ListItem","position":1,"name":"Home","item":"https:\/\/casaskaren.com\/es\/"},{"@type":"ListItem","position":2,"name":"Condiciones de estancia"}]},{"@type":"WebSite","@id":"https:\/\/casaskaren.com\/es\/#website","url":"https:\/\/casaskaren.com\/es\/","name":"casaskaren","description":"","publisher":{"@id":"https:\/\/casaskaren.com\/es\/#organization"},"potentialAction":[{"@type":"SearchAction","target":{"@type":"EntryPoint","urlTemplate":"https:\/\/casaskaren.com\/es\/?s={search_term_string}"},"query-input":{"@type":"PropertyValueSpecification","valueRequired":true,"valueName":"search_term_string"}}],"inLanguage":"es"},{"@type":"Organization","@id":"https:\/\/casaskaren.com\/es\/#organization","name":"casaskaren","url":"https:\/\/casaskaren.com\/es\/","logo":{"@type":"ImageObject","inLanguage":"es","@id":"https:\/\/casaskaren.com\/es\/#\/schema\/logo\/image\/","url":"https:\/\/casaskaren.com\/wp-content\/uploads\/2025\/06\/logotipo-casas-karen.jpg","contentUrl":"https:\/\/casaskaren.com\/wp-content\/uploads\/2025\/06\/logotipo-casas-karen.jpg","width":1332,"height":420,"caption":"casaskaren"},"image":{"@id":"https:\/\/casaskaren.com\/es\/#\/schema\/logo\/image\/"}}]}},"_links":{"self":[{"href":"https:\/\/casaskaren.com\/es\/wp-json\/wp\/v2\/pages\/4419","targetHints":{"allow":["GET"]}}],"collection":[{"href":"https:\/\/casaskaren.com\/es\/wp-json\/wp\/v2\/pages"}],"about":[{"href":"https:\/\/casaskaren.com\/es\/wp-json\/wp\/v2\/types\/page"}],"author":[{"embeddable":true,"href":"https:\/\/casaskaren.com\/es\/wp-json\/wp\/v2\/users\/1"}],"replies":[{"embeddable":true,"href":"https:\/\/casaskaren.com\/es\/wp-json\/wp\/v2\/comments?post=4419"}],"version-history":[{"count":1,"href":"https:\/\/casaskaren.com\/es\/wp-json\/wp\/v2\/pages\/4419\/revisions"}],"predecessor-version":[{"id":4423,"href":"https:\/\/casaskaren.com\/es\/wp-json\/wp\/v2\/pages\/4419\/revisions\/4423"}],"wp:attachment":[{"href":"https:\/\/casaskaren.com\/es\/wp-json\/wp\/v2\/media?parent=4419"}],"curies":[{"name":"wp","href":"https:\/\/api.w.org\/{rel}","templated":true}]}}