{"id":4435,"date":"2025-05-29T18:56:40","date_gmt":"2025-05-29T18:56:40","guid":{"rendered":"https:\/\/casaskaren2.johnweb.nl\/informacion-y-reservas\/"},"modified":"2025-09-18T10:42:57","modified_gmt":"2025-09-18T10:42:57","slug":"informacion-y-reservas","status":"publish","type":"page","link":"https:\/\/casaskaren.com\/es\/informacion-y-reservas\/","title":{"rendered":"Informaci\u00f3n y reservas"},"content":{"rendered":"\t\t<div data-elementor-type=\"wp-page\" data-elementor-id=\"4435\" class=\"elementor elementor-4435 elementor-1783\" data-elementor-post-type=\"page\">\n\t\t\t\t<div class=\"elementor-element elementor-element-880ccd7 e-flex e-con-boxed e-con e-parent\" data-id=\"880ccd7\" data-element_type=\"container\" data-e-type=\"container\">\n\t\t\t\t\t<div class=\"e-con-inner\">\n\t\t\t\t<div class=\"elementor-element elementor-element-7e1f7f5 elementor-widget elementor-widget-heading\" data-id=\"7e1f7f5\" data-element_type=\"widget\" data-e-type=\"widget\" data-widget_type=\"heading.default\">\n\t\t\t\t<div class=\"elementor-widget-container\">\n\t\t\t\t\t<h2 class=\"elementor-heading-title elementor-size-default\">CONDICIONES DE RESERVA E INFORMACI\u00d3N<\/h2>\t\t\t\t<\/div>\n\t\t\t\t<\/div>\n\t\t\t\t<div class=\"elementor-element elementor-element-b741f8d elementor-widget elementor-widget-text-editor\" data-id=\"b741f8d\" data-element_type=\"widget\" data-e-type=\"widget\" data-widget_type=\"text-editor.default\">\n\t\t\t\t<div class=\"elementor-widget-container\">\n\t\t\t\t\t\t\t\t\t<div class=\"et_pb_module et_pb_text et_pb_text_1 et_pb_text_align_left et_pb_bg_layout_light\"><div class=\"et_pb_text_inner\"><h2>Reservas e informaci\u00f3n<\/h2><p><strong>CASAS KAREN INFORMACI\u00d3N Y CONDICIONES<\/strong><\/p><p>Casas Karen est\u00e1 situada en una zona tranquila, rodeada de naturaleza y verdor. Despu\u00e9s, podemos pedir informaci\u00f3n sobre los alrededores, as\u00ed como sobre las personas que viven en la naturaleza. <\/p><p><strong>VIERNES Y D\u00cdA<\/strong><\/p><p>Hora de entrada: A partir de las 16:00 (A veces es posible registrarse antes. Inf\u00f3rmate con antelaci\u00f3n)<br>Hora de salida: Antes de las 11.00 h. Si deseas quedarte m\u00e1s tarde y hay disponibilidad, cons\u00faltalo con antelaci\u00f3n en la oficina. En algunos casos, puede cobrarse medio d\u00eda m\u00e1s.  <\/p><p><strong>BASURA<\/strong><\/p><p>Por favor, deposita la basura en los contenedores adecuados situados en la carretera principal de Los Ca\u00f1os. No hay recogida de basura en las casas de Los Ca\u00f1os de Meca.<br>Hay un cargo extra de 5 \u20ac si deseas dejar la basura en la casa al final de tu estancia. <\/p><p><strong>LIMPIEZA<\/strong><\/p><p>Si al final de tu estancia se requiere una limpieza adicional m\u00e1s all\u00e1 del tiempo asignado, se cargar\u00e1 en tu tarjeta de cr\u00e9dito el tiempo empleado.<br>1 hora &#8211; 18 \u20ac.<\/p><p>Media hora &#8211; 9<\/p><p><strong>PRODUCTOS ECOL\u00d3GICOS<\/strong><\/p><p>Utiliza s\u00f3lo productos ecol\u00f3gicos:<br>Productos ecol\u00f3gicos de limpieza corporal, como champ\u00fas, jabones, etc.<br>Repelente natural de mosquitos (citronela, etc.)<br>Productos de limpieza ecol\u00f3gicos: En el alojamiento te proporcionamos lavavajillas l\u00edquido y detergente multiusos.<br>No utilices:<br>Lej\u00eda ni otros productos de limpieza no ecol\u00f3gicos.<\/p><p><strong>MUEBLES Y OBJETOS<\/strong><\/p><p>En caso de que los muebles u objetos de la casa se rompan o desgasten considerablemente durante tu estancia debido a un mal uso, el hu\u00e9sped ser\u00e1 responsable de sustituirlos, pagar su reposici\u00f3n o hacerlos reparar, y nos lo notificar\u00e1.<br>Casas Karen no se hace responsable del deseo, seguridad, recuperaci\u00f3n o dificultad del cliente para manejar sus pertenencias en sus instalaciones.<br>Casas Karen se reserva el derecho a cargar en la tarjeta de cr\u00e9dito del hu\u00e9sped cualquier da\u00f1o, robo o extra que pueda producirse durante su estancia.<\/p><p><strong>CANCELACIONES<\/strong><\/p><p>Todos los cambios o cancelaciones deben hacerse por correo electr\u00f3nico, adem\u00e1s de por tel\u00e9fono.<\/p><p>Con un preaviso de hasta 30 d\u00edas, se devolver\u00e1 la fianza menos 60 euros en concepto de gastos administrativos.<\/p><p>De 29 a 7 d\u00edas, se reembolsar\u00e1 el 50% del dep\u00f3sito. (Si se ha pagado el 100%, se reembolsar\u00e1 el 75%.)<br>Menos de 6 d\u00edas, no hay reembolso. (Si se ha pagado el 100%, se reembolsar\u00e1 el 60%).  <\/p><p>Si la cancelaci\u00f3n se debe a Covid-19 (restricciones de movilidad, etc.), Casas Karen ofrece:<\/p><p>1. El 100% del dep\u00f3sito se retendr\u00e1 para una futura reserva, sin fecha de caducidad.<br>2. Devoluci\u00f3n del dep\u00f3sito menos 60 euros en concepto de gastos de administraci\u00f3n.<\/p><p>Te recomendamos que contrates un seguro de viaje que incluya los gastos de anulaci\u00f3n.<\/p><p><strong>PETS<\/strong><\/p><p>Si deseas traer a tu mascota:<\/p><p>S\u00f3lo se admiten mascotas tranquilas y bien educadas.<br>10 euros por noche, coste adicional.<br>Para m\u00e1s de una mascota, ponte en contacto con nosotros antes de reservar y te confirmaremos si es posible.<br>Necesitamos saberlo en el momento de hacer la reserva.<br>Haz clic en la casilla \u00abMascota\u00bb.<br>Indica el n\u00famero, el tipo de mascota y la raza.<\/p><p><strong>Normas de los due\u00f1os de animales dom\u00e9sticos<\/strong><\/p><p>Te rogamos que lleves a tu mascota de paseo al Parque Natural para que haga sus necesidades y no la dejes suelta hasta tu regreso.<br>No permitas que las mascotas se suban a los sof\u00e1s ni a las camas. Por favor, trae camas y\/o mantas espec\u00edficas para tu mascota.<br>El propietario ser\u00e1 responsable si su mascota causa alg\u00fan da\u00f1o al alojamiento, al recinto o a terceros. Por tanto, Casas Karen declina toda responsabilidad si se produce alguna de las contingencias mencionadas.<br>Se recomienda contratar un seguro para mascotas.<br>Las mascotas no pueden quedarse solas en el alojamiento ni en los terrenos de Casas Karen. Si surge alg\u00fan problema, ponte en contacto con la oficina.<br>Las mascotas deben mantenerse en condiciones higi\u00e9nicas adecuadas.   <\/p><p>Casas Karen se reserva el derecho a poner fin a la estancia de cualquier persona que infrinja las normas m\u00ednimas de civismo y convivencia.<\/p><\/div><\/div>\t\t\t\t\t\t\t\t<\/div>\n\t\t\t\t<\/div>\n\t\t\t\t\t<\/div>\n\t\t\t\t<\/div>\n\t\t\t\t<\/div>\n\t\t","protected":false},"excerpt":{"rendered":"<p>CONDICIONES DE RESERVA E INFORMACI\u00d3N Reservas e informaci\u00f3n CASAS KAREN INFORMACI\u00d3N Y CONDICIONES Casas Karen est\u00e1 situada en una zona [&hellip;]<\/p>\n","protected":false},"author":1,"featured_media":0,"parent":0,"menu_order":0,"comment_status":"closed","ping_status":"closed","template":"elementor_header_footer","meta":{"site-sidebar-layout":"no-sidebar","site-content-layout":"","ast-site-content-layout":"full-width-container","site-content-style":"default","site-sidebar-style":"default","ast-global-header-display":"","ast-banner-title-visibility":"","ast-main-header-display":"","ast-hfb-above-header-display":"","ast-hfb-below-header-display":"","ast-hfb-mobile-header-display":"","site-post-title":"disabled","ast-breadcrumbs-content":"","ast-featured-img":"disabled","footer-sml-layout":"","ast-disable-related-posts":"","theme-transparent-header-meta":"default","adv-header-id-meta":"","stick-header-meta":"","header-above-stick-meta":"","header-main-stick-meta":"","header-below-stick-meta":"","astra-migrate-meta-layouts":"set","ast-page-background-enabled":"default","ast-page-background-meta":{"desktop":{"background-color":"var(--ast-global-color-5)","background-image":"","background-repeat":"repeat","background-position":"center center","background-size":"auto","background-attachment":"scroll","background-type":"","background-media":"","overlay-type":"","overlay-color":"","overlay-opacity":"","overlay-gradient":""},"tablet":{"background-color":"","background-image":"","background-repeat":"repeat","background-position":"center center","background-size":"auto","background-attachment":"scroll","background-type":"","background-media":"","overlay-type":"","overlay-color":"","overlay-opacity":"","overlay-gradient":""},"mobile":{"background-color":"","background-image":"","background-repeat":"repeat","background-position":"center center","background-size":"auto","background-attachment":"scroll","background-type":"","background-media":"","overlay-type":"","overlay-color":"","overlay-opacity":"","overlay-gradient":""}},"ast-content-background-meta":{"desktop":{"background-color":"var(--ast-global-color-4)","background-image":"","background-repeat":"repeat","background-position":"center center","background-size":"auto","background-attachment":"scroll","background-type":"","background-media":"","overlay-type":"","overlay-color":"","overlay-opacity":"","overlay-gradient":""},"tablet":{"background-color":"var(--ast-global-color-4)","background-image":"","background-repeat":"repeat","background-position":"center center","background-size":"auto","background-attachment":"scroll","background-type":"","background-media":"","overlay-type":"","overlay-color":"","overlay-opacity":"","overlay-gradient":""},"mobile":{"background-color":"var(--ast-global-color-4)","background-image":"","background-repeat":"repeat","background-position":"center center","background-size":"auto","background-attachment":"scroll","background-type":"","background-media":"","overlay-type":"","overlay-color":"","overlay-opacity":"","overlay-gradient":""}},"footnotes":""},"class_list":["post-4435","page","type-page","status-publish","hentry"],"yoast_head":"<!-- This site is optimized with the Yoast SEO plugin v27.2 - https:\/\/yoast.com\/product\/yoast-seo-wordpress\/ -->\n<title>Informaci\u00f3n y reservas - casaskaren<\/title>\n<meta name=\"robots\" content=\"index, follow, max-snippet:-1, max-image-preview:large, max-video-preview:-1\" \/>\n<link rel=\"canonical\" href=\"https:\/\/casaskaren.com\/es\/informacion-y-reservas\/\" \/>\n<meta property=\"og:locale\" content=\"es_ES\" \/>\n<meta property=\"og:type\" content=\"article\" \/>\n<meta property=\"og:title\" content=\"Informaci\u00f3n y reservas - casaskaren\" \/>\n<meta property=\"og:description\" content=\"CONDICIONES DE RESERVA E INFORMACI\u00d3N Reservas e informaci\u00f3n CASAS KAREN INFORMACI\u00d3N Y CONDICIONES Casas Karen est\u00e1 situada en una zona [&hellip;]\" \/>\n<meta property=\"og:url\" content=\"https:\/\/casaskaren.com\/es\/informacion-y-reservas\/\" \/>\n<meta property=\"og:site_name\" content=\"casaskaren\" \/>\n<meta property=\"article:modified_time\" content=\"2025-09-18T10:42:57+00:00\" \/>\n<meta name=\"twitter:card\" content=\"summary_large_image\" \/>\n<meta name=\"twitter:label1\" content=\"Tiempo de lectura\" \/>\n\t<meta name=\"twitter:data1\" content=\"3 minutos\" \/>\n<script type=\"application\/ld+json\" class=\"yoast-schema-graph\">{\"@context\":\"https:\/\/schema.org\",\"@graph\":[{\"@type\":\"WebPage\",\"@id\":\"https:\/\/casaskaren.com\/es\/informacion-y-reservas\/\",\"url\":\"https:\/\/casaskaren.com\/es\/informacion-y-reservas\/\",\"name\":\"Informaci\u00f3n y reservas - casaskaren\",\"isPartOf\":{\"@id\":\"https:\/\/casaskaren.com\/es\/#website\"},\"datePublished\":\"2025-05-29T18:56:40+00:00\",\"dateModified\":\"2025-09-18T10:42:57+00:00\",\"breadcrumb\":{\"@id\":\"https:\/\/casaskaren.com\/es\/informacion-y-reservas\/#breadcrumb\"},\"inLanguage\":\"es\",\"potentialAction\":[{\"@type\":\"ReadAction\",\"target\":[\"https:\/\/casaskaren.com\/es\/informacion-y-reservas\/\"]}]},{\"@type\":\"BreadcrumbList\",\"@id\":\"https:\/\/casaskaren.com\/es\/informacion-y-reservas\/#breadcrumb\",\"itemListElement\":[{\"@type\":\"ListItem\",\"position\":1,\"name\":\"Home\",\"item\":\"https:\/\/casaskaren.com\/es\/\"},{\"@type\":\"ListItem\",\"position\":2,\"name\":\"Informaci\u00f3n y reservas\"}]},{\"@type\":\"WebSite\",\"@id\":\"https:\/\/casaskaren.com\/es\/#website\",\"url\":\"https:\/\/casaskaren.com\/es\/\",\"name\":\"casaskaren\",\"description\":\"\",\"publisher\":{\"@id\":\"https:\/\/casaskaren.com\/es\/#organization\"},\"potentialAction\":[{\"@type\":\"SearchAction\",\"target\":{\"@type\":\"EntryPoint\",\"urlTemplate\":\"https:\/\/casaskaren.com\/es\/?s={search_term_string}\"},\"query-input\":{\"@type\":\"PropertyValueSpecification\",\"valueRequired\":true,\"valueName\":\"search_term_string\"}}],\"inLanguage\":\"es\"},{\"@type\":\"Organization\",\"@id\":\"https:\/\/casaskaren.com\/es\/#organization\",\"name\":\"casaskaren\",\"url\":\"https:\/\/casaskaren.com\/es\/\",\"logo\":{\"@type\":\"ImageObject\",\"inLanguage\":\"es\",\"@id\":\"https:\/\/casaskaren.com\/es\/#\/schema\/logo\/image\/\",\"url\":\"https:\/\/casaskaren.com\/wp-content\/uploads\/2025\/06\/logotipo-casas-karen.jpg\",\"contentUrl\":\"https:\/\/casaskaren.com\/wp-content\/uploads\/2025\/06\/logotipo-casas-karen.jpg\",\"width\":1332,\"height\":420,\"caption\":\"casaskaren\"},\"image\":{\"@id\":\"https:\/\/casaskaren.com\/es\/#\/schema\/logo\/image\/\"}}]}<\/script>\n<!-- \/ Yoast SEO plugin. -->","yoast_head_json":{"title":"Informaci\u00f3n y reservas - casaskaren","robots":{"index":"index","follow":"follow","max-snippet":"max-snippet:-1","max-image-preview":"max-image-preview:large","max-video-preview":"max-video-preview:-1"},"canonical":"https:\/\/casaskaren.com\/es\/informacion-y-reservas\/","og_locale":"es_ES","og_type":"article","og_title":"Informaci\u00f3n y reservas - casaskaren","og_description":"CONDICIONES DE RESERVA E INFORMACI\u00d3N Reservas e informaci\u00f3n CASAS KAREN INFORMACI\u00d3N Y CONDICIONES Casas Karen est\u00e1 situada en una zona [&hellip;]","og_url":"https:\/\/casaskaren.com\/es\/informacion-y-reservas\/","og_site_name":"casaskaren","article_modified_time":"2025-09-18T10:42:57+00:00","twitter_card":"summary_large_image","twitter_misc":{"Tiempo de lectura":"3 minutos"},"schema":{"@context":"https:\/\/schema.org","@graph":[{"@type":"WebPage","@id":"https:\/\/casaskaren.com\/es\/informacion-y-reservas\/","url":"https:\/\/casaskaren.com\/es\/informacion-y-reservas\/","name":"Informaci\u00f3n y reservas - casaskaren","isPartOf":{"@id":"https:\/\/casaskaren.com\/es\/#website"},"datePublished":"2025-05-29T18:56:40+00:00","dateModified":"2025-09-18T10:42:57+00:00","breadcrumb":{"@id":"https:\/\/casaskaren.com\/es\/informacion-y-reservas\/#breadcrumb"},"inLanguage":"es","potentialAction":[{"@type":"ReadAction","target":["https:\/\/casaskaren.com\/es\/informacion-y-reservas\/"]}]},{"@type":"BreadcrumbList","@id":"https:\/\/casaskaren.com\/es\/informacion-y-reservas\/#breadcrumb","itemListElement":[{"@type":"ListItem","position":1,"name":"Home","item":"https:\/\/casaskaren.com\/es\/"},{"@type":"ListItem","position":2,"name":"Informaci\u00f3n y reservas"}]},{"@type":"WebSite","@id":"https:\/\/casaskaren.com\/es\/#website","url":"https:\/\/casaskaren.com\/es\/","name":"casaskaren","description":"","publisher":{"@id":"https:\/\/casaskaren.com\/es\/#organization"},"potentialAction":[{"@type":"SearchAction","target":{"@type":"EntryPoint","urlTemplate":"https:\/\/casaskaren.com\/es\/?s={search_term_string}"},"query-input":{"@type":"PropertyValueSpecification","valueRequired":true,"valueName":"search_term_string"}}],"inLanguage":"es"},{"@type":"Organization","@id":"https:\/\/casaskaren.com\/es\/#organization","name":"casaskaren","url":"https:\/\/casaskaren.com\/es\/","logo":{"@type":"ImageObject","inLanguage":"es","@id":"https:\/\/casaskaren.com\/es\/#\/schema\/logo\/image\/","url":"https:\/\/casaskaren.com\/wp-content\/uploads\/2025\/06\/logotipo-casas-karen.jpg","contentUrl":"https:\/\/casaskaren.com\/wp-content\/uploads\/2025\/06\/logotipo-casas-karen.jpg","width":1332,"height":420,"caption":"casaskaren"},"image":{"@id":"https:\/\/casaskaren.com\/es\/#\/schema\/logo\/image\/"}}]}},"_links":{"self":[{"href":"https:\/\/casaskaren.com\/es\/wp-json\/wp\/v2\/pages\/4435","targetHints":{"allow":["GET"]}}],"collection":[{"href":"https:\/\/casaskaren.com\/es\/wp-json\/wp\/v2\/pages"}],"about":[{"href":"https:\/\/casaskaren.com\/es\/wp-json\/wp\/v2\/types\/page"}],"author":[{"embeddable":true,"href":"https:\/\/casaskaren.com\/es\/wp-json\/wp\/v2\/users\/1"}],"replies":[{"embeddable":true,"href":"https:\/\/casaskaren.com\/es\/wp-json\/wp\/v2\/comments?post=4435"}],"version-history":[{"count":1,"href":"https:\/\/casaskaren.com\/es\/wp-json\/wp\/v2\/pages\/4435\/revisions"}],"predecessor-version":[{"id":4448,"href":"https:\/\/casaskaren.com\/es\/wp-json\/wp\/v2\/pages\/4435\/revisions\/4448"}],"wp:attachment":[{"href":"https:\/\/casaskaren.com\/es\/wp-json\/wp\/v2\/media?parent=4435"}],"curies":[{"name":"wp","href":"https:\/\/api.w.org\/{rel}","templated":true}]}}